{"id":14,"date":"2023-10-17T20:14:49","date_gmt":"2023-10-17T18:14:49","guid":{"rendered":"http:\/\/members.ifimac.uam.es\/atomelix\/?page_id=14"},"modified":"2024-02-26T15:19:06","modified_gmt":"2024-02-26T14:19:06","slug":"publications","status":"publish","type":"page","link":"https:\/\/members.ifimac.uam.es\/atomelix\/publications\/","title":{"rendered":"Publications"},"content":{"rendered":"<p><strong>2024<\/strong><\/p>\n<ol>\n<li>Topologically protected photovoltaics in Bi nanoribbons<br \/>\nAJ Ur\u00eda-\u00c1lvarez, JJ Palacios<br \/>\narXiv preprint arXiv:2401.07970 (2024).<\/li>\n<li>TightBinder: A Python package for semi-empirical tight-binding models of crystalline and disordered solids<br \/>\nAJ Ur\u00eda-\u00c1lvarez, JJ Palacios<br \/>\nJournal of Open Source Software 9 (94), 5810 (2024).<\/li>\n<li>Efficient computation of optical excitations in two-dimensional materials with the Xatu code<br \/>\nAJ Ur\u00eda-\u00c1lvarez, JJ Esteve-Paredes, MA Garc\u00eda-Bl\u00e1zquez, JJ Palacios<br \/>\nComputer Physics Communications 295, 109001 3 (2024).<\/li>\n<\/ol>\n<p><strong>2023<\/strong><\/p>\n<ol>\n<li>Shift Current with Gaussian Basis Sets and General Prescription for Maximally Symmetric Summations in the Irreducible Brillouin Zone<br \/>\nMA Garci\u0301a-Bla\u0301zquez, JJ Esteve-Paredes, AJ Uri\u0301a-A\u0301lvarez, JJ Palacios<br \/>\nJournal of Chemical Theory and Computation 19 (24), 9416-9434 (2023).<\/li>\n<li>Unlocking the Potential of Nanoribbon-Based Sb2S3\/Sb2Se3 van-der-Waals Heterostructure for Solar Energy-Conversion and Optoelectronics Applications<br \/>\nVG Garcia, NN Batista, DA Aldave, RB Capaz, JJ Palacios, MG Menezes, &#8230;<br \/>\nACS Applied Materials &amp; Interfaces 15 (47), 54786-54796 (2023).<\/li>\n<li>Nonequilibrium magneto-conductance as a manifestation of spin filtering in chiral nanojunctions<br \/>\nMA Garci\u0301a-Bla\u0301zquez, W Dednam, JJ Palacios<br \/>\nThe Journal of Physical Chemistry Letters 14 (35), 7931-7939 (2023).<\/li>\n<li>Low resistance electrical contacts to few-layered MoS2 by local pressurization<br \/>\nY Manzanares-Negro, J Quan, M Rassekh, M Moaied, X Li, P Ares, &#8230;<br \/>\n2D Materials 10 (2), 021003 (2023).<\/li>\n<li>Chiral Single\u2010Molecule Potentiometers Based on Stapled ortho\u2010Oligo (phenylene) ethynylenes<br \/>\nA Ortu\u00f1o, P Reine, L Alvarez de Cienfuegos, IR Marquez, W Dednam, &#8230;<br \/>\nAngewandte Chemie 135, e202218 (2023).<\/li>\n<li>A comprehensive study of the velocity, momentum and position matrix elements for Bloch states: Application to a local orbital basis<br \/>\nJJ Esteve-Paredes, JJ Palacios<br \/>\nSciPost Physics Core 6 (1), 002 (2023).<\/li>\n<li>A group-theoretic approach to the origin of chirality-induced spin selectivity in non-magnetic molecular junctions<br \/>\nW Dednam, MA Garc\u00eda-Bl\u00e1zquez, LA Zotti, EB Lombardi, C Sabater, &#8230;<br \/>\nACS Nano 17, 6452\u22126465 (2023).<\/li>\n<\/ol>\n<p><strong>2022<\/strong><\/p>\n<ol>\n<li>Theoretical Approach for Electron Dynamics and Ultrafast Spectroscopy (EDUS)<br \/>\nG Cistaro, M Malakhov, JJ Esteve-Paredes, AJ Ur\u00eda-\u00c1lvarez, REF Silva, &#8230;<br \/>\nJournal of Chemical Theory and Computation 19 (1), 333-348 (2022).<\/li>\n<li>Deep learning for disordered topological insulators through their entanglement spectrum<br \/>\nAJ Ur\u00eda-\u00c1lvarez, D Molpeceres-Mingo, JJ Palacios<br \/>\nPhysical Review B 105 (15), 155128 (2022).<\/li>\n<li>Constrained DFT for molecular junctions<br \/>\nLA Zotti, W Dednam, EB Lombardi, JJ Palacios<br \/>\nNanomaterials 12 (7), 1234 (2022).<\/li>\n<li>Dynamic bonding influenced by the proximity of adatoms to one-atom high step edges<br \/>\nW Dednam, S Tewari, EB Lombardi, JJ Palacios, JM van Ruitenbeek, &#8230;<br \/>\nPhysical Review B 106 (12), 125418 (2022).<\/li>\n<\/ol>\n<p><strong>2021<\/strong><\/p>\n<ol>\n<li>Charge-spin interconversion in graphene-based systems from density functional theory<br \/>\nM Rassekh, H Santos, A Latg\u00e9, L Chico, SF Shayesteh, JJ Palacios<br \/>\nPhysical Review B 104 (23), 235429 (2021).<\/li>\n<li>Multi-scale modeling of 2D GaSe FETs with strained channels<br \/>\nA Toral-Lopez, H Santos, EG Marin, FG Ruiz, JJ Palacios, A Godoy<br \/>\nNanotechnology 33 (10), 105201 (2021).<\/li>\n<li>Few-layer antimonene electrical properties<br \/>\nP Ares, S Pakdel, I Palacio, WS Paz, M Rassekh, &#8230;<br \/>\nApplied Materials Today 24, 101132 (2021).<\/li>\n<li>Franckeite as an exfoliable naturally occurring topological insulator<br \/>\nWS Paz, MG Menezes, NN Batista, G Sanchez-Santolino, M Velicky, &#8230;<br \/>\nNano Letters 21 (18), 7781-7788 (2021).<\/li>\n<li>Emergence of Topological Edge States in Oxidized \u03b1-In2Se3 Nanosheets: Implications for Field-Effect Transistors<br \/>\nEF Procopio, N N Batista, FA L de Souza, WS Paz, JJ Palacios, &#8230;<br \/>\nACS Applied Nano Materials 4 (8), 8154-8161 (2021).<\/li>\n<li>Exfoliation of Alpha\u2010Germanium: A Covalent Diamond\u2010Like Structure<br \/>\nC Gibaja, D Rodr\u00edguez\u2010San\u2010Miguel, WS Paz, I Torres, E Salagre, &#8230;<br \/>\nAdvanced Materials 33 (10), 2006826 (2021).<\/li>\n<\/ol>\n<p><strong>2020<\/strong><\/p>\n<ol>\n<li>Refined electron-spin transport model for single-element ferromagnetic systems: Application to nickel nanocontacts<br \/>\nW Dednam, C Sabater, O Tal, JJ Palacios, AE Botha, MJ Caturla<br \/>\nPhysical Review B 102 (24), 245415 (2020).<\/li>\n<li>Revealing the geometry and conductance of double-stranded atomic chains of gold<br \/>\nC Sabater, JJ Palacios, MJ Caturla, C Untiedt<br \/>\nThe Journal of Physical Chemistry C 124 (49), 26596-26602 (2020).<\/li>\n<li>Remarkably enhanced Curie temperature in monolayer CrI3 by hydrogen and oxygen adsorption: A first-principles calculations<br \/>\nM Rassekh, J He, SF Shayesteh, JJ Palacios<br \/>\nComputational Materials Science 183, 109820 (2020).<\/li>\n<li>Room-temperature quantum spin Hall phase in laser-patterned few-layer 1T\u2032- MoS2<br \/>\nN Katsuragawa, M Nishizawa, T Nakamura, T Inoue, S Pakdel, &#8230;<br \/>\nCommunications Materials 1 (1), 51 (2020).<\/li>\n<li>Quantum transport in oxidized Ni nanocontacts under mechanical strain<br \/>\nZ Razavifar, A Saffarzadeh, JJ Palacios<br \/>\nPhysical Review B 101 (23), 235442 (2020).<\/li>\n<li>Directional bonding explains the high conductance of atomic contacts in bcc metals<br \/>\nW Dednam, C Sabater, MR Calvo, C Untiedt, JJ Palacios, AE Botha, &#8230;<br \/>\nPhysical Review B 101 (16), 165417 (2020).<\/li>\n<li>Functionalization of a few-layer antimonene with oligonucleotides for DNA sensing<br \/>\nT Garcia-Mendiola, C Gutierrez-Sanchez, C Gibaja, I Torres, &#8230;<br \/>\nACS Applied Nano Materials 3 (4), 3625-3633 (2020).<\/li>\n<li>Consistency between ARPES and STM measurements on<br \/>\nCE Matt, H Pirie, A Soumyanarayanan, Y He, MM Yee, P Chen, Y Liu, &#8230;<br \/>\nPhysical Review B 101 (8), 085142 (2020).<\/li>\n<li>Surface-dominated conductivity of few-layered antimonene<br \/>\nS Pakdel, JJ Palacios<br \/>\n2D Materials 7 (2), 021001 (2020).<\/li>\n<li>Rational design of an unusual 2D-MOF based on Cu (I) and 4-hydroxypyrimidine-5-carbonitrile as linker with conductive capabilities: a theoretical approach based on high \u2026<br \/>\nAA Garcia-Valdivia, FJ Romero, J Cepeda, DP Morales, N Casati, &#8230;<br \/>\nChemical Communications 56 (66), 9473-9476 (2020).<\/li>\n<\/ol>\n<p><strong>2019<\/strong><\/p>\n<ol>\n<li>Laser-Beam-Patterned Topological Insulating States on Thin Semiconducting MoS 2<br \/>\nH Mine, A Kobayashi, T Nakamura, T Inoue, S Pakdel, D Marian, &#8230;<br \/>\nPhysical Review Letters 123 (14), 146803 (2019).<\/li>\n<li>Dynamically tuned non-classical light emission from atomic defects in hexagonal boron nitride<br \/>\nS Lazi\u0107, A Espinha, S Pinilla Yanguas, C Gibaja, F Zamora, P Ares, &#8230;<br \/>\nCommunications physics 2 (1), 113 (2019).<\/li>\n<li>Long-range vortex transfer in superconducting nanowires<br \/>\nR C\u00f3rdoba, P Or\u00fas, \u017dL Jeli\u0107, J Ses\u00e9, MR Ibarra, I Guillam\u00f3n, S Vieira, &#8230;<br \/>\nScientific reports 9 (1), 12386 (2019).<\/li>\n<li>Quenching of exciton recombination in strained two-dimensional monochalcogenides<br \/>\nJJ Esteve-Paredes, S Pakdel, JJ Palacios<br \/>\nPhysical Review Letters 123 (7), 077402 (2019).<\/li>\n<li>Strong modulation of optical properties in rippled 2D GaSe via strain engineering<br \/>\nD Maeso, S Pakdel, H Santos, N Agra\u00eft, JJ Palacios, E Prada, &#8230;<br \/>\nNanotechnology 30 (24), 24LT01 (2019).<\/li>\n<li>Hydrogen physisorption channel on graphene: a highway for atomic H diffusion<br \/>\nH Gonz\u00e1lez-Herrero, E Cort\u00e9s-del R\u00edo, P Mallet, JY Veuillen, JJ Palacios, &#8230;<br \/>\n2D Materials 6 (2), 021004 (2019).<\/li>\n<li>Liquid phase exfoliation of antimonene: systematic optimization, characterization and electrocatalytic properties<br \/>\nC Gibaja, M Assebban, I Torres, M Fickert, R Sanchis-Gual, I Brotons, &#8230;Journal of Materials Chemistry A 7 (39), 22475-22486 (2019).<\/li>\n<\/ol>\n<p><strong>2018<\/strong><\/p>\n<ol>\n<li>Observation of a well-defined hybridization gap and in-gap states on the (001) surface<br \/>\nZ Sun, A Maldonado, WS Paz, DS Inosov, AP Schnyder, JJ Palacios, &#8230;<br \/>\nPhysical Review B 97 (23), 235107 (2018).<\/li>\n<li>High electrical conductivity of single metal\u2013organic chains<br \/>\nP Ares, P Amo\u2010Ochoa, JM Soler, JJ Palacios, J G\u00f3mez\u2010Herrero, &#8230;<br \/>\nAdvanced Materials 30 (21), 1705645 (2018).<\/li>\n<li>An implementation of spin\u2013orbit coupling for band structure calculations with Gaussian basis sets: Two-dimensional topological crystals of Sb and Bi<br \/>\nS Pakdel, M Pourfath, JJ Palacios<br \/>\nBeilstein journal of nanotechnology 9 (1), 1015-1023 (2018).<\/li>\n<li>2D van der Waals heterostructures for near-infrared photodetection<br \/>\nAJ Molina-Mendoza, E Giovanelli, WS Paz, MA Nino, JO Island, &#8230;<br \/>\nProceedings of 20th International Winterschool on New Developments in Solid \u2026 (2018).<\/li>\n<li>Recent progress on antimonene: a new bidimensional material<br \/>\nP Ares, JJ Palacios, G Abell\u00e1n, J G\u00f3mez\u2010Herrero, F Zamora<br \/>\nAdvanced Materials 30 (2), 1703771 (2018).<\/li>\n<\/ol>\n<p>Franckeite: a naturally occurring van der Waals heterostructure<br \/>\nAJ Molina-Mendoza, E Giovanelli, WS Paz, MA Ni\u00f1o, JO Island, &#8230;<br \/>\nNature Communications 8, 14409 115 2017<\/p>\n<p>High Current Density Electrical Breakdown of TiS3 Nanoribbon\u2010Based Field\u2010Effect Transistors<br \/>\nAJ Molina\u2010Mendoza, JO Island, WS Paz, JM Clamagirand, JR Ares, &#8230;<br \/>\nAdvanced Functional Materials, 16056471 57 2017<\/p>\n<p>Strain engineering of Schottky barriers in single-and few-layer MoS2 vertical devices<br \/>\nJ Quereda, JJ Palacios, N Agr\u00e4it, A Castellanos-Gomez, &#8230;<br \/>\n2D Materials 4 (2), 021006 61 2017<\/p>\n<p>Graphene flakes obtained by local electro-exfoliation of graphite with a STM tip<br \/>\nC Rubio-Verd\u00fa, G S\u00e1enz-Arce, J Martinez-Asencio, DC Milan, M Moaied, &#8230;<br \/>\nPhysical Chemistry Chemical Physics 19 (11), 8061-8068 15 2017<\/p>\n<p>Electronic Transport in Gadolinium Atomic-Size Contacts<br \/>\nB Olivera, C Salgado, JL Lado, A Karimi, V Henkel, E Scheer, &#8230;<br \/>\nPhysical Review B 95, 075409 4 2017<\/p>\n<p>A theoretical study of the electrical contact between metallic and semiconducting phases in monolayer MoS2<br \/>\nWS Paz, JJ Palacios<br \/>\n2D Materials 4 (1), 015014 31 2016<\/p>\n<p>Plasticity of single-atom Pb junctions<br \/>\nM M\u00fcller, C Salgado, N N\u00e9el, JJ Palacios, J Kr\u00f6ger<br \/>\nPhysical Review B 93 (23), 235402 16 2016<\/p>\n<p>Atomic-scale control of graphene magnetism by using hydrogen atoms<br \/>\nH Gonz\u00e1lez-Herrero, JM G\u00f3mez-Rodr\u00edguez, P Mallet, M Moaied, &#8230;<br \/>\nScience 352 (6284), 437-441 627 2016<\/p>\n<p>Dynamic bonding of metallic nanocontacts: Insights from experiments and atomistic simulations<br \/>\nMA Fern\u00e1ndez, C Sabater, W Dednam, JJ Palacios, MR Calvo, C Untiedt, &#8230;<br \/>\nPhysical Review B 93 (8), 085437 21 2016<\/p>\n<p>Integration of graphene into nanoelectronic devices: Insights from atomistic simulations<br \/>\nM Garc\u00eda-Mota, DJ Oroya, E Artacho, X Cartoix\u00e0, JJ Palacios<br \/>\nAdvanced Materials-TechConnect Briefs 2016 1, 53-56 2016<\/p>\n<p>Simulating cyclic loading of atomic-sized gold tips on gold surfaces via classical molecular dynamics and density functional theory transport calculations<br \/>\nW Dednam, C Sabater, MA Fernandez, C Untiedt, JJ Palacios, MJ Caturla<br \/>\nProceedings of the 60th annual conference of the South African Institute of \u2026 3 2016<\/p>\n<p>Effective-mass theory for the anisotropic exciton in two-dimensional crystals: Application to phosphorene<br \/>\nE Prada, JV Alvarez, KL Narasimha-Acharya, FJ Bailen, JJ Palacios<br \/>\nPhysical Review B 91 (24), 245421 61 2015<\/p>\n<p>Resonant transport and electrostatic effects in single-molecule electrical junctions<br \/>\nC Brooke, A Vezzoli, SJ Higgins, LA Zotti, JJ Palacios, RJ Nichols<br \/>\nPhysical Review B 91 (19), 195438 32 2015<\/p>\n<p>Theoretical study of the dynamics of atomic hydrogen adsorbed on graphene multilayers<br \/>\nM Moaied, JA Moreno, MJ Caturla, F Yndur\u00e1in, JJ Palacios<br \/>\nPhysical Review B 91, 155419 28 2015<\/p>\n<p>Substrate-Induced Stabilization and Reconstruction of Zigzag Edges in Graphene Nanoislands on Ni (111)<br \/>\nA Garcia-Lekue, M Olle Soronellas, D Sanchez-Portal, JJ Palacios, &#8230;<br \/>\nThe Journal of Physical Chemistry C 26 2015<\/p>\n<p>Modeling contact formation between atomic-sized gold tips via molecular dynamics<br \/>\nW Dednam, C Sabater, MA Fernandez, C Untiedt, JJ Palacios, MJ Caturla<br \/>\nJournal of physics: Conference series 574 (1), 012045 12 2015<\/p>\n<p>Electrically Switchable Magnetic Molecules: Inducing a Magnetic Coupling by Means of an External Electric Field in a Mixed\u2010Valence Polyoxovanadate Cluster<br \/>\nS Cardona\u2010Serra, JM Clemente\u2010Juan, E Coronado, A Gaita\u2010Ari\u00f1o, &#8230;<\/p>\n<p>Chemistry-A European Journal 21 (2), 763-769 42 2015<br \/>\nHydrogenation-induced ferromagnetism on graphite surfaces<br \/>\nM Moaied, JV Alvarez, JJ Palacios<\/p>\n<p>Physical Review B 90, 115441 46 2014<br \/>\nTheory of projections with non-orthogonal basis sets: Partitioning techniques and effective Hamiltonians<br \/>\nM Soriano, JJ Palacios<br \/>\nPhysical Review B 90, 075128 39 2014<br \/>\nAnomalous exchange interaction between intrinsic spins in conducting graphene systems<br \/>\nH Santos, D Soriano, JJ Palacios<br \/>\nPhysical Review B 89 (19), 195416 6 2014<br \/>\nElectrons go ballistic<br \/>\nJJ Palacios<br \/>\nNature Physics 10 (3), 182-183 16 2014<br \/>\nIsolation and characterization of few-layer black phosphorus<br \/>\nA Castellanos-Gomez, L Vicarelli, E Prada, JO Island, &#8230;<br \/>\n2D Materials 1, 025001 1824 2014<br \/>\nKondo effect and spin quenching in high-spin molecules on metal substrates<br \/>\nD Jacob, M Soriano, JJ Palacios<br \/>\nPhysical Review B 88 (13), 134417 49 2013<br \/>\nTopologically protected quantum transport in locally exfoliated bismuth at room temperature<br \/>\nC Sabater, D Gos\u00e1lbez-Mart\u00ednez, J Fern\u00e1ndez-Rossier, JG Rodrigo, &#8230;<br \/>\nPhysical Review Letters 110 (17), 176802 138 2013<br \/>\nUnderstanding the structure of the first atomic contact in Gold<br \/>\nC Sabater, MJ Caturla, JJ Palacios, C Untiedt<br \/>\nNANOSCALE RESEARCH LETTERS 257 (8) 19 2013<br \/>\nMagnetic field-induced dissipation-free state in superconducting nanostructures<br \/>\nR C\u00f3rdoba, TI Baturina, J Ses\u00e9, A Yu Mironov, JM De Teresa, MR Ibarra, &#8230;<br \/>\nNature communications 4 (1), 1437 126 2013<br \/>\nNanostructuring Improves Vortex Pinning in Superconductors at Elevated Temperatures and Magnetic Fields<br \/>\nR C\u00f3rdoba, TI Baturina, J Ses\u00e9, AY Mironov, JM De Teresa, MR Ibarra, &#8230;<br \/>\n2013<br \/>\nA molecular platinum cluster junction: A single-molecule switch<br \/>\nLA Zotti, E Leary, M Soriano, JC Cuevas, JJ Palacios<br \/>\nJournal of the American Chemical Society 135, 2052 29 2013<br \/>\nCritical analysis of vacancy-induced magnetism in monolayer and bilayer graphene<br \/>\nJJ Palacios, F Yndur\u00e1in<br \/>\nPhysical Review B 85 (24), 245443 129 2012<br \/>\nSpin-filtered edge states in graphene<br \/>\nD Gos\u00e1lbez-Mart\u00ednez, D Soriano, JJ Palacios, J Fern\u00e1ndez-Rossier<br \/>\nSolid State Communications 152, 1469 21 2012<br \/>\nReversible Change of the Spin State in a Manganese Phthalocyanine by Coordination of CO Molecule<br \/>\nA Str\u00f3zecka, M Soriano, JI Pascual, JJ Palacios<br \/>\nPhysical Review Letters 109, 147202 130 2012<br \/>\nMechanical annealing of metallic electrodes at the atomic scale<br \/>\nC Sabater, C Untiedt, JJ Palacios, MJ Caturla<br \/>\nPhysical Review Letters 108, 205502 51 2012<br \/>\nMagnetoresistance and Magnetic Ordering Fingerprints in Hydrogenated Graphene<br \/>\nD Soriano, N Leconte, P Ordej\u00f3n, JC Charlier, JJ Palacios, S Roche<br \/>\nPhysical Review Letters 107 (1), 16602 143 2011<br \/>\nSpin-orbit interaction in curved graphene ribbons<br \/>\nD Gos\u00e1lbez-Mart\u00ednez, JJ Palacios, J Fern\u00e1ndez-Rossier<br \/>\nPhysical Review B 83 (11), 115436 40 2011<br \/>\nCritical comparison of electrode models in density functional theory based quantum transport calculations<br \/>\nD Jacob, JJ Palacios<br \/>\nJ. Chem. Phys. 134 (4), 044118 55 2011<br \/>\n\u00bf Grafeno magn\u00e9tico?.<br \/>\nJJ Palacios, J Fern\u00e1ndez-Rossier<br \/>\nRevista Espa\u00f1ola de F\u00edsica 23 (4) 1 2011<br \/>\nMagnetism-Dependent Transport Phenomena in Hydrogenated Graphene: From Spin-Splitting to Localization Effects<br \/>\nN Leconte, D Soriano, S Roche, P Ordejon, JC Charlier, JJ Palacios<br \/>\nACS Nano 5 (5), 3987-3992 56 2011<br \/>\nOrigin of the quasiuniversality of the minimal conductivity of graphene<br \/>\nJJ Palacios<br \/>\nPhysical Review B 82 (16), 165439 18 2010<br \/>\nAnomalous Transport and Possible Phase Transition in Palladium Nanojunctions<br \/>\nGD Scott, JJ Palacios, D Natelson<br \/>\nACS Nano 4 (5), 2831-2837 8 2010<br \/>\nHydrogenated graphene nanoribbons for spintronics<br \/>\nD Soriano, F Munoz-Rojas, J Fern\u00e1ndez-Rossier, JJ Palacios<br \/>\nPhysical Review B 81 (16), 165409 144 2010<br \/>\nSpin-transfer torque on a single magnetic adatom<br \/>\nF Delgado, JJ Palacios, J Fern\u00e1ndez-Rossier<br \/>\nPhysical Review Letters 104 (2), 26601 121 2010<br \/>\nElectronic and magnetic structure of graphene nanoribbons<br \/>\nJJ Palacios, J Fernandez-Rossier, L Brey, HA Fertig<br \/>\nSemiconductor Science and Technology 25 (3), 033003 84 2010<br \/>\nThe Kondo effect in ferromagnetic atomic contacts<br \/>\nMR Calvo, J Fernandez-Rossier, JJ Palacios, D Jacob, D Natelson, &#8230;<br \/>\nNature 458 (7242), 1150-1153 170 2009<br \/>\nGiant magnetoresistance in ultrasmall graphene based devices<br \/>\nF Mu\u00f1oz-Rojas, J Fern\u00e1ndez-Rossier, JJ Palacios<br \/>\nPhysical Review Letters 102 (13), 136810 325 2009<br \/>\nElectrode\u2013molecule interface effects on molecular conductance<br \/>\nP Tarakeshwar, JJ Palacios, DM Kim<br \/>\nIEEE transactions on nanotechnology 8 (1), 16-21 15 2008<br \/>\nAnisotropic magnetoresistance in nanocontacts<br \/>\nD Jacob, J Fern\u00e1ndez-Rossier, JJ Palacios<br \/>\nPhysical Review B 77 (16), 165412 39 2008<br \/>\nMechanical, electrical, and magnetic properties of ni nanocontacts<br \/>\nMR Calvo, MJ Caturla, D Jacob, C Untiedt, JJ Palacios<br \/>\nIEEE transactions on nanotechnology 7 (2), 165-168 17 2008<br \/>\nInterface study of metal electrode and semiconducting carbon nanotubes: Effects of electrode atomic species<br \/>\nP Tarakeshwar, JJ Palacios, DM Kim<br \/>\nIEEE transactions on nanotechnology 7 (2), 124-127 11 2008<br \/>\nSimple STM tip functionalization for rapid DNA sequencing: An ab initio Green&#8217;s function study<br \/>\nI Yanov, JJ Palacios, G Hill<br \/>\nThe Journal of Physical Chemistry A 112 (10), 2069-2073 8 2008<br \/>\nMetal contacts in carbon nanotube field-effect transistors: Beyond the Schottky barrier paradigm<br \/>\nJJ Palacios, P Tarakeshwar, DM Kim<br \/>\nPhysical Review B 77 (11), 113403 49 2008<br \/>\nLocalized basis sets for unbound electrons in nanoelectronics<br \/>\nD Soriano, D Jacob, JJ Palacios<br \/>\nThe Journal of Chemical Physics 128, 074108 1 2008<br \/>\nPerformance limits of graphene-ribbon field-effect transistors<br \/>\nF Mu\u00f1oz-Rojas, J Fern\u00e1ndez-Rossier, L Brey, JJ Palacios<br \/>\nPhysical Review B 77 (4), 045301 39 2008<br \/>\nVacancy-induced magnetism in graphene and graphene ribbons<br \/>\nJJ Palacios, J Fern\u00e1ndez-Rossier, L Brey<br \/>\nPhys. Rev. B 77, 195428 537 2008<br \/>\nExchange induced charge inhomogeneities in rippled neutral graphene<br \/>\nL Brey, JJ Palacios<br \/>\nPhys. Rev. B 77 (4), 041403 64 2008<br \/>\nMagnetism in graphene nanoislands<br \/>\nJ Fernandez-Rossier, JJ Palacios<br \/>\nPhysical Review Letters 99 (17), 177204 859 2007<br \/>\nElectron transport properties of the porphyrin molecule located between gold electrodes<br \/>\nI Yanov, Y Kholod, J Leszczynski, JJ Palacios<br \/>\nChemical Physics Letters 445 (4-6), 238-242 16 2007<br \/>\nCritical fields for vortex expulsion from narrow superconducting strips<br \/>\nP S\u00e1nchez-Lotero, JJ Palacios<br \/>\nPhysical Review B 75 (21), 214505 14 2007<br \/>\nElectronic structure of gated graphene and graphene ribbons<br \/>\nJ Fern\u00e1ndez-Rossier, JJ Palacios, L Brey<br \/>\nPhysical Review B 75 (20), 205441<\/p>\n","protected":false},"excerpt":{"rendered":"<p>2024 Topologically protected photovoltaics in Bi nanoribbons AJ Ur\u00eda-\u00c1lvarez, JJ Palacios arXiv preprint arXiv:2401.07970 (2024). TightBinder: A Python package for semi-empirical tight-binding models of crystalline and disordered solids AJ Ur\u00eda-\u00c1lvarez, JJ Palacios Journal of Open Source Software 9 (94), 5810 (2024). Efficient computation of optical excitations in two-dimensional materials with the Xatu code AJ Ur\u00eda-\u00c1lvarez,&hellip;<\/p>\n","protected":false},"author":1,"featured_media":0,"parent":0,"menu_order":0,"comment_status":"closed","ping_status":"closed","template":"","meta":{"_mo_disable_npp":"","footnotes":""},"class_list":["post-14","page","type-page","status-publish","hentry","no-post-thumbnail","entry"],"_links":{"self":[{"href":"https:\/\/members.ifimac.uam.es\/atomelix\/wp-json\/wp\/v2\/pages\/14","targetHints":{"allow":["GET"]}}],"collection":[{"href":"https:\/\/members.ifimac.uam.es\/atomelix\/wp-json\/wp\/v2\/pages"}],"about":[{"href":"https:\/\/members.ifimac.uam.es\/atomelix\/wp-json\/wp\/v2\/types\/page"}],"author":[{"embeddable":true,"href":"https:\/\/members.ifimac.uam.es\/atomelix\/wp-json\/wp\/v2\/users\/1"}],"replies":[{"embeddable":true,"href":"https:\/\/members.ifimac.uam.es\/atomelix\/wp-json\/wp\/v2\/comments?post=14"}],"version-history":[{"count":15,"href":"https:\/\/members.ifimac.uam.es\/atomelix\/wp-json\/wp\/v2\/pages\/14\/revisions"}],"predecessor-version":[{"id":210,"href":"https:\/\/members.ifimac.uam.es\/atomelix\/wp-json\/wp\/v2\/pages\/14\/revisions\/210"}],"wp:attachment":[{"href":"https:\/\/members.ifimac.uam.es\/atomelix\/wp-json\/wp\/v2\/media?parent=14"}],"curies":[{"name":"wp","href":"https:\/\/api.w.org\/{rel}","templated":true}]}}