{"id":27,"date":"2023-10-17T22:00:13","date_gmt":"2023-10-17T20:00:13","guid":{"rendered":"http:\/\/members.ifimac.uam.es\/atomelix\/?page_id=27"},"modified":"2024-04-13T09:56:24","modified_gmt":"2024-04-13T07:56:24","slug":"people","status":"publish","type":"page","link":"https:\/\/members.ifimac.uam.es\/atomelix\/people\/","title":{"rendered":"People"},"content":{"rendered":"<p dir=\"ltr\"><strong><img loading=\"lazy\" decoding=\"async\" class=\" wp-image-216 alignleft\" src=\"https:\/\/members.ifimac.uam.es\/atomelix\/wp-content\/uploads\/sites\/15\/2024\/02\/20231213_210626-225x300.jpg\" alt=\"\" width=\"280\" height=\"373\" srcset=\"https:\/\/members.ifimac.uam.es\/atomelix\/wp-content\/uploads\/sites\/15\/2024\/02\/20231213_210626-225x300.jpg 225w, https:\/\/members.ifimac.uam.es\/atomelix\/wp-content\/uploads\/sites\/15\/2024\/02\/20231213_210626-768x1024.jpg 768w, https:\/\/members.ifimac.uam.es\/atomelix\/wp-content\/uploads\/sites\/15\/2024\/02\/20231213_210626-1152x1536.jpg 1152w, https:\/\/members.ifimac.uam.es\/atomelix\/wp-content\/uploads\/sites\/15\/2024\/02\/20231213_210626-1536x2048.jpg 1536w, https:\/\/members.ifimac.uam.es\/atomelix\/wp-content\/uploads\/sites\/15\/2024\/02\/20231213_210626-scaled.jpg 1920w\" sizes=\"auto, (max-width: 280px) 100vw, 280px\" \/><span style=\"font-size: 14pt\">Juan Jos\u00e9 Palacios (PI)<\/span><\/strong><\/p>\n<p dir=\"ltr\"><span style=\"font-size: 14pt\"><em>Current members:<\/em><\/span><\/p>\n<ul>\n<li class=\"zfr3Q CDt4Ke \" dir=\"ltr\"><span class=\"C9DxTc \" style=\"font-size: 14pt\">Juan Jos\u00e9 Esteve Paredes (PhD)<\/span><\/li>\n<li class=\"zfr3Q CDt4Ke \" dir=\"ltr\"><span class=\"C9DxTc \" style=\"font-size: 14pt\">Alejandro Ur\u00eda \u00c1lvarez (PhD)<\/span><\/li>\n<li class=\"zfr3Q CDt4Ke \" dir=\"ltr\"><span class=\"C9DxTc \" style=\"font-size: 14pt\">Manuel Antonio Garc\u00eda Bl\u00e1zquez (PhD)<\/span><\/li>\n<li class=\"zfr3Q CDt4Ke \" dir=\"ltr\"><span class=\"C9DxTc \" style=\"font-size: 14pt\">David Martinez Campos (PhD)<\/span><\/li>\n<li><span class=\"C9DxTc \" style=\"font-size: 14pt\">Simran Chourasia (PhD)<\/span><\/li>\n<li><span class=\"C9DxTc \" style=\"font-size: 14pt\">Andr\u00e9s Mart\u00ednez Garc\u00eda (PhD)<\/span><\/li>\n<li class=\"zfr3Q CDt4Ke \" dir=\"ltr\"><span class=\"C9DxTc \" style=\"font-size: 14pt\">Ali Ebrahimian (Postdoctoral researcher)<\/span><\/li>\n<li dir=\"ltr\"><span style=\"font-size: 14pt\">Mauricio Quintela (Postdoctoral researcher)<\/span><\/li>\n<\/ul>\n<hr \/>\n<p dir=\"ltr\"><span style=\"font-size: 14pt\"><em>Former members:<\/em><\/span><\/p>\n<ul>\n<li dir=\"ltr\"><span style=\"font-size: 14pt\">Sakar Pakdel<\/span><\/li>\n<li dir=\"ltr\"><span style=\"font-size: 14pt\">Maedeh Raseekh<\/span><\/li>\n<li dir=\"ltr\"><span style=\"font-size: 14pt\">Wendel Paz (UFES)<\/span><\/li>\n<li dir=\"ltr\"><span style=\"font-size: 14pt\">Carlos Salgado (Repsol)<\/span><\/li>\n<li dir=\"ltr\"><span style=\"font-size: 14pt\">Maria Soriano (Repsol)<\/span><\/li>\n<li dir=\"ltr\"><span style=\"font-size: 14pt\">Mohammed Moaied<\/span><\/li>\n<li dir=\"ltr\"><span style=\"font-size: 14pt\">&#8230;<\/span><\/li>\n<\/ul>\n","protected":false},"excerpt":{"rendered":"<p>Juan Jos\u00e9 Palacios (PI) Current members: Juan Jos\u00e9 Esteve Paredes (PhD) Alejandro Ur\u00eda \u00c1lvarez (PhD) Manuel Antonio Garc\u00eda Bl\u00e1zquez (PhD) David Martinez Campos (PhD) Simran Chourasia (PhD) Andr\u00e9s Mart\u00ednez Garc\u00eda (PhD) Ali Ebrahimian (Postdoctoral researcher) Mauricio Quintela (Postdoctoral researcher) Former members: Sakar Pakdel Maedeh Raseekh Wendel Paz (UFES) Carlos Salgado (Repsol) Maria Soriano (Repsol) Mohammed&hellip;<\/p>\n","protected":false},"author":1,"featured_media":0,"parent":0,"menu_order":0,"comment_status":"closed","ping_status":"closed","template":"","meta":{"_mo_disable_npp":"","footnotes":""},"class_list":["post-27","page","type-page","status-publish","hentry","no-post-thumbnail","entry"],"_links":{"self":[{"href":"https:\/\/members.ifimac.uam.es\/atomelix\/wp-json\/wp\/v2\/pages\/27","targetHints":{"allow":["GET"]}}],"collection":[{"href":"https:\/\/members.ifimac.uam.es\/atomelix\/wp-json\/wp\/v2\/pages"}],"about":[{"href":"https:\/\/members.ifimac.uam.es\/atomelix\/wp-json\/wp\/v2\/types\/page"}],"author":[{"embeddable":true,"href":"https:\/\/members.ifimac.uam.es\/atomelix\/wp-json\/wp\/v2\/users\/1"}],"replies":[{"embeddable":true,"href":"https:\/\/members.ifimac.uam.es\/atomelix\/wp-json\/wp\/v2\/comments?post=27"}],"version-history":[{"count":13,"href":"https:\/\/members.ifimac.uam.es\/atomelix\/wp-json\/wp\/v2\/pages\/27\/revisions"}],"predecessor-version":[{"id":265,"href":"https:\/\/members.ifimac.uam.es\/atomelix\/wp-json\/wp\/v2\/pages\/27\/revisions\/265"}],"wp:attachment":[{"href":"https:\/\/members.ifimac.uam.es\/atomelix\/wp-json\/wp\/v2\/media?parent=27"}],"curies":[{"name":"wp","href":"https:\/\/api.w.org\/{rel}","templated":true}]}}