{"id":190,"date":"2025-02-02T15:31:49","date_gmt":"2025-02-02T14:31:49","guid":{"rendered":"https:\/\/members.ifimac.uam.es\/fjgarcia\/?page_id=190"},"modified":"2025-07-18T13:13:34","modified_gmt":"2025-07-18T11:13:34","slug":"phd-theses","status":"publish","type":"page","link":"https:\/\/members.ifimac.uam.es\/fjgarcia\/phd-theses\/","title":{"rendered":"PhD Theses"},"content":{"rendered":"<h4 style=\"text-align: justify\">2025<\/h4>\n<ol style=\"text-align: justify\">\n<li><strong><span class=\"caps\">LIGHT<\/span>&#8211;<span class=\"caps\">MATTER<\/span>\u00a0<span class=\"caps\">INTERACTIONS<\/span>\u00a0<span class=\"caps\">AT<\/span>\u00a0<span class=\"caps\">THE<\/span>\u00a0<span class=\"caps\">NANOSCALE<\/span>:\u00a0<span class=\"caps\">NON<\/span>&#8211;<span class=\"caps\">LINEARITIES<\/span>,\u00a0<span class=\"caps\">ELECTRONS<\/span>\u00a0<span class=\"caps\">AND<\/span>\u00a0<span class=\"caps\">EXCITON<\/span>\u00a0<span class=\"caps\">POLARITONS<\/span><\/strong>,<br \/>\n<strong>Jaime Abad Arredondo<\/strong>, Universidad Aut\u00f3noma de Madrid, Departamento de F\u00edsica Te\u00f3rica de la Materia Condensada,<br \/>\n<strong>Supervisors<\/strong>: Antonio I. Fern\u00e1ndez Dom\u00ednguez and Francisco Jos\u00e9 Garc\u00eda Vidal, Madrid, April 2025.\u00a0<a href=\"http:\/\/webs.ftmc.uam.es\/fj.garcia\/pdfs\/publications\/theses\/phd\/Thesis_Jaime-Abad-Arredondo_April_2025.pdf\" target=\"_blank\" rel=\"noopener\">[pdf]<\/a><\/li>\n<\/ol>\n<h4 style=\"text-align: justify\">2020<\/h4>\n<ol style=\"text-align: justify\">\n<li><strong><span class=\"caps\">DRESSING<\/span> <span class=\"caps\">THE<\/span> <span class=\"caps\">VACUUM<\/span>: <span class=\"caps\">STRONG<\/span> <span class=\"caps\">LIGHT<\/span>&#8211;<span class=\"caps\">MATTER<\/span> <span class=\"caps\">COUPLING<\/span> <span class=\"caps\">FOR<\/span> <span class=\"caps\">ENHANCING<\/span> <span class=\"caps\">PHOTON<\/span> <span class=\"caps\">CORRELATIONS<\/span> <span class=\"caps\">AND<\/span> <span class=\"caps\">EXCITON<\/span> <span class=\"caps\">TRANSPORT<\/span><\/strong>,<br \/>\n<strong>Roc\u00edo S\u00e1ez Bl\u00e1zquez<\/strong>, Universidad Aut\u00f3noma de Madrid, Departamento de F\u00edsica Te\u00f3rica de la Materia Condensada,<br \/>\n<strong>Supervisors<\/strong>: Francisco Jos\u00e9 Garc\u00eda Vidal and Antonio I. Fern\u00e1ndez Dom\u00ednguez, Madrid, September 2020. <a href=\"http:\/\/webs.ftmc.uam.es\/fj.garcia\/pdfs\/publications\/theses\/phd\/Thesis_Rocio-Saez-Blazquez_September_2020.pdf\" target=\"_blank\" rel=\"noopener\">[pdf]<\/a><\/li>\n<\/ol>\n<h4 style=\"text-align: justify\">2019<\/h4>\n<ol style=\"text-align: justify\">\n<li><strong><span class=\"caps\">POLARITONIC<\/span> <span class=\"caps\">CHEMISTRY<\/span><\/strong>,<br \/>\n<strong>Javier Galego Pascual<\/strong>, Universidad Aut\u00f3noma de Madrid, Departamento de F\u00edsica Te\u00f3rica de la Materia Condensada,<br \/>\n<strong>Supervisors<\/strong>: Francisco Jos\u00e9 Garc\u00eda Vidal and Johannes Feist, Madrid, May 2019. <a href=\"http:\/\/webs.ftmc.uam.es\/fj.garcia\/pdfs\/publications\/theses\/phd\/Thesis_Javier-Galego_May_2019.pdf\" target=\"_blank\" rel=\"noopener\">[pdf]<\/a><\/li>\n<\/ol>\n<h4 style=\"text-align: justify\">2018<\/h4>\n<ol style=\"text-align: justify\">\n<li><strong><span class=\"caps\">VIBRATIONAL<\/span> <span class=\"caps\">AND<\/span> <span class=\"caps\">ELECTRONIC<\/span> <span class=\"caps\">STRONG<\/span> <span class=\"caps\">LIGHT<\/span>&#8211;<span class=\"caps\">MATTER<\/span> <span class=\"caps\">COUPLING<\/span> <span class=\"caps\">WITH<\/span> <span class=\"caps\">MOLECULAR<\/span> <span class=\"caps\">EXCITATIONS<\/span><\/strong>,<br \/>\n<strong>Javier Del Pino Guti\u00e9rrez<\/strong>, Universidad Aut\u00f3noma de Madrid, Departamento de F\u00edsica Te\u00f3rica de la Materia Condensada,<br \/>\n<strong>Supervisors<\/strong>: Francisco Jos\u00e9 Garc\u00eda Vidal and Johannes Feist, Madrid, June 2018. [<a href=\"https:\/\/members.ifimac.uam.es\/fjgarcia\/wp-content\/uploads\/sites\/19\/2025\/02\/Thesis_Javier-del-Pino_June_2018.pdf\" target=\"_blank\" rel=\"noopener\">PDF<\/a>]<\/li>\n<li><strong><span class=\"caps\">THEORETICAL<\/span> <span class=\"caps\">DESCRIPTION<\/span> <span class=\"caps\">OF<\/span> <span class=\"caps\">RADIATIVE<\/span> <span class=\"caps\">HEAT<\/span> <span class=\"caps\">TRANSFER<\/span>: <span class=\"caps\">EXPLORING<\/span> <span class=\"caps\">THE<\/span> <span class=\"caps\">LIMITS<\/span> <span class=\"caps\">OF<\/span> <span class=\"caps\">PLANCK<\/span>&#8216;S <span class=\"caps\">LAW<\/span><\/strong>,<br \/>\n<strong>V\u00edctor Fern\u00e1ndez Hurtado<\/strong>, Universidad Aut\u00f3noma de Madrid, Departamento de F\u00edsica Te\u00f3rica de la Materia Condensada,<br \/>\n<strong>Supervisors<\/strong>: Juan Carlos Cuevas Rodr\u00edguez and Francisco Jos\u00e9 Garc\u00eda Vidal, Madrid, June 2018. [<a href=\"https:\/\/members.ifimac.uam.es\/fjgarcia\/wp-content\/uploads\/sites\/19\/2025\/02\/Thesis_Victor-Fernandez-Hurtado_June_2018.pdf\" target=\"_blank\" rel=\"noopener\">PDF<\/a>]<\/li>\n<\/ol>\n<h4 style=\"text-align: justify\">2017<\/h4>\n<ol style=\"text-align: justify\">\n<li><strong><span class=\"caps\">PLASMONICS<\/span> <span class=\"caps\">FOR<\/span> <span class=\"caps\">LASING<\/span> <span class=\"caps\">ACTION<\/span> <span class=\"caps\">AT<\/span> <span class=\"caps\">THE<\/span> <span class=\"caps\">NANOSCALE<\/span><\/strong>,<br \/>\n<strong>Javier Cuerda Rodr\u00edguez<\/strong>, Universidad Aut\u00f3noma de Madrid, Departamento de F\u00edsica Te\u00f3rica de la Materia Condensada,<br \/>\n<strong>Supervisors<\/strong>: Jorge Bravo Abad and Francisco Jos\u00e9 Garc\u00eda Vidal, Madrid, August 2017. [<a href=\"https:\/\/members.ifimac.uam.es\/fjgarcia\/wp-content\/uploads\/sites\/19\/2025\/02\/Thesis_Javier-Cuerda_August_2017.pdf\" target=\"_blank\" rel=\"noopener\">PDF<\/a>]<\/li>\n<\/ol>\n<h4 style=\"text-align: justify\">2016<\/h4>\n<ol style=\"text-align: justify\">\n<li><strong><span class=\"caps\">COUPLING<\/span> <span class=\"caps\">QUANTUM<\/span> <span class=\"caps\">EMITTERS<\/span> <span class=\"caps\">TO<\/span> <span class=\"caps\">NANOPHOTONIC<\/span> <span class=\"caps\">STRUCTURES<\/span><\/strong>,<br \/>\n<strong>Carlos Gonz\u00e1lez Ballestero<\/strong>, Universidad Aut\u00f3noma de Madrid, Departamento de F\u00edsica Te\u00f3rica de la Materia Condensada,<br \/>\n<strong>Supervisors<\/strong>: Francisco Jos\u00e9 Garc\u00eda Vidal and Esteban Moreno Soriano, Madrid, November 2016. [<a href=\"https:\/\/members.ifimac.uam.es\/fjgarcia\/wp-content\/uploads\/sites\/19\/2025\/02\/Thesis_Carlos-Gonzalez-Ballestero_November_2016.pdf\" target=\"_blank\" rel=\"noopener\">PDF<\/a>]<\/li>\n<\/ol>\n<h4 style=\"text-align: justify\">2013<\/h4>\n<ol style=\"text-align: justify\">\n<li><strong><span class=\"caps\">FRONTIERS<\/span> <span class=\"caps\">IN<\/span> <span class=\"caps\">PLASMONICS<\/span>: <span class=\"caps\">TRANSFORMATION<\/span> <span class=\"caps\">OPTICS<\/span>, <span class=\"caps\">MAGNETIC<\/span> <span class=\"caps\">PLASMONS<\/span>, <span class=\"caps\">BROWNIAN<\/span> <span class=\"caps\">RATCHETS<\/span> <span class=\"caps\">AND<\/span> <span class=\"caps\">QUANTUM<\/span> <span class=\"caps\">PHENOMENA<\/span><\/strong>,<br \/>\n<strong>Paloma Arroyo Huidobro<\/strong>, Universidad Aut\u00f3noma de Madrid, Departamento de F\u00edsica Te\u00f3rica de la Materia Condensada,<br \/>\n<strong>Supervisors<\/strong>: Francisco Jos\u00e9 Garc\u00eda Vidal, Madrid, November 2013. [<a href=\"https:\/\/members.ifimac.uam.es\/fjgarcia\/wp-content\/uploads\/sites\/19\/2025\/02\/Thesis_Paloma-Arroyo-Huidobro_November_2013.pdf\" target=\"_blank\" rel=\"noopener\">PDF<\/a>]<\/li>\n<li><strong><span class=\"caps\">PLASMONIC<\/span> <span class=\"caps\">WAVEGUIDES<\/span>: <span class=\"caps\">CLASSICAL<\/span> <span class=\"caps\">APPLICATIONS<\/span> <span class=\"caps\">AND<\/span> <span class=\"caps\">QUANTUM<\/span> <span class=\"caps\">PHENOMENA<\/span><\/strong>,<br \/>\n<strong>Diego Mart\u00edn Cano<\/strong>, Universidad Aut\u00f3noma de Madrid, Departamento de F\u00edsica Te\u00f3rica de la Materia Condensada,<br \/>\n<strong>Supervisors<\/strong>: Esteban Moreno Soriano and Francisco Jos\u00e9 Garc\u00eda Vidal, Madrid, January 2013. [<a href=\"https:\/\/members.ifimac.uam.es\/fjgarcia\/wp-content\/uploads\/sites\/19\/2025\/02\/Thesis_Diego-Martin-Cano_January_2013.pdf\" target=\"_blank\" rel=\"noopener\">PDF<\/a>]<\/li>\n<\/ol>\n<h4 style=\"text-align: justify\">2010<\/h4>\n<ol style=\"text-align: justify\">\n<li><strong><span class=\"caps\">ACOUSTICAL<\/span> <span class=\"caps\">WAVE<\/span>&#8211;<span class=\"caps\">PHENOMENA<\/span>: <span class=\"caps\">ENHANCED<\/span> <span class=\"caps\">TRANSMISSION<\/span>, <span class=\"caps\">GUIDING<\/span>, <span class=\"caps\">ATTENUATION<\/span> <span class=\"caps\">AND<\/span> <span class=\"caps\">FOCUSING<\/span><\/strong>,<br \/>\n<strong>Johan Christensen<\/strong>, Universidad Aut\u00f3noma de Madrid, Departamento de F\u00edsica Te\u00f3rica de la Materia Condensada,<br \/>\n<strong>Supervisors<\/strong>: Francisco Jos\u00e9 Garc\u00eda Vidal, Madrid, April 2010. [<a href=\"https:\/\/members.ifimac.uam.es\/fjgarcia\/wp-content\/uploads\/sites\/19\/2025\/02\/Thesis_Johan-Christensen_April_2010.pdf\" target=\"_blank\" rel=\"noopener\">PDF<\/a>]<\/li>\n<\/ol>\n<h4 style=\"text-align: justify\">2009<\/h4>\n<ol style=\"text-align: justify\">\n<li><strong><span class=\"caps\">OPTICAL<\/span> <span class=\"caps\">PROPERTIES<\/span> <span class=\"caps\">OF<\/span> <span class=\"caps\">NANOSTRUCTURED<\/span> <span class=\"caps\">METALLIC<\/span> <span class=\"caps\">SYSTEMS<\/span> &#8211; Studied with the Finite-Difference Time-Domain Method<\/strong>,<br \/>\n<strong>Sergio G. Rodrigo<\/strong>, Departamento de F\u00edsica de la Materia Condensada, Instituto de Ciencia de Materiales de Arag\u00f3n, Universidad de Zaragoza<br \/>\n<strong>Supervisors<\/strong>: Luis Mart\u00edn-Moreno and Francisco Jos\u00e9 Garc\u00eda Vidal, Zaragoza, May 2009. [<a href=\"https:\/\/members.ifimac.uam.es\/fjgarcia\/wp-content\/uploads\/sites\/19\/2025\/02\/Thesis_Sergio_Gutierrez-Rodrigo_2009.pdf\" target=\"_blank\" rel=\"noopener\">PDF<\/a>]<\/li>\n<li><strong><span class=\"caps\">ELECTROMAGNETIC<\/span> <span class=\"caps\">PHENOMENA<\/span> <span class=\"caps\">BASED<\/span> <span class=\"caps\">ON<\/span> <span class=\"caps\">SURFACE<\/span> <span class=\"caps\">MODES<\/span> <span class=\"caps\">AND<\/span> <span class=\"caps\">THEIR<\/span> <span class=\"caps\">TRANSFER<\/span> <span class=\"caps\">TO<\/span> <span class=\"caps\">ATOM<\/span> <span class=\"caps\">OPTICS<\/span><\/strong>,<br \/>\n<strong>Antonio I. Fern\u00e1ndez Dom\u00ednguez<\/strong>, Universidad Aut\u00f3noma de Madrid, Departamento de F\u00edsica Te\u00f3rica de la Materia Condensada,<br \/>\n<strong>Supervisors<\/strong>: Francisco Jos\u00e9 Garc\u00eda Vidal and Luis Mart\u00edn Moreno, Madrid, May 2009. [<a href=\"https:\/\/members.ifimac.uam.es\/fjgarcia\/wp-content\/uploads\/sites\/19\/2025\/02\/Thesis_Antonio-I-Fernandez-Dominguez_May_2009.pdf\" target=\"_blank\" rel=\"noopener\">PDF<\/a>]<\/li>\n<\/ol>\n<h4 style=\"text-align: justify\">2006<\/h4>\n<ol>\n<li style=\"text-align: justify\"><strong><span class=\"caps\">SIMULACIONES<\/span> NUM\u00c9RICAS <span class=\"caps\">EN<\/span> <span class=\"caps\">SISTEMAS<\/span> <span class=\"caps\">DE<\/span> <span class=\"caps\">BAJA<\/span> <span class=\"caps\">DIMENSIONALIDAD<\/span>: <span class=\"caps\">SUPERFICIES<\/span> <span class=\"caps\">SEMICONDUCTORAS<\/span> Y <span class=\"caps\">NANOTUBOS<\/span> <span class=\"caps\">DE<\/span> <span class=\"caps\">CARBONO<\/span><\/strong>,<br \/>\n<strong>Blanca Biel Ruiz<\/strong>, Universidad Aut\u00f3noma de Madrid, Departamento de F\u00edsica Te\u00f3rica de la Materia Condensada,<br \/>\n<strong>Supervisors<\/strong>: Francisco Jos\u00e9 Garc\u00eda Vidal and Fernando Flores Sintas, Madrid, September 2006. [<a href=\"https:\/\/members.ifimac.uam.es\/fjgarcia\/wp-content\/uploads\/sites\/19\/2025\/02\/Thesis_Blanca-Biel_September_2006.pdf\" target=\"_blank\" rel=\"noopener\">PDF<\/a>]<\/li>\n<li style=\"text-align: justify\"><strong>TRANSMISI\u00d3N <span class=\"caps\">RESONANTE<\/span> <span class=\"caps\">DE<\/span> <span class=\"caps\">LUZ<\/span> A TRAV\u00c9S <span class=\"caps\">DE<\/span> L\u00c1MINAS MET\u00c1LICAS <span class=\"caps\">NANOESTRUCTURADAS<\/span><\/strong>,<br \/>\n<strong>Jorge Bravo Abad<\/strong>, Universidad Aut\u00f3noma de Madrid, Departamento de F\u00edsica Te\u00f3rica de la Materia Condensada,<br \/>\n<strong>Supervisors<\/strong>: Francisco Jos\u00e9 Garc\u00eda Vidal and Luis Mart\u00edn Moreno, Madrid, October 2006. [<a href=\"https:\/\/members.ifimac.uam.es\/fjgarcia\/wp-content\/uploads\/sites\/19\/2025\/02\/Thesis_Jorge-Bravo-Abad_October_2006.pdf\" target=\"_blank\" rel=\"noopener\">PDF<\/a>]<\/li>\n<\/ol>\n","protected":false},"excerpt":{"rendered":"<p>2025 LIGHT&#8211;MATTER\u00a0INTERACTIONS\u00a0AT\u00a0THE\u00a0NANOSCALE:\u00a0NON&#8211;LINEARITIES,\u00a0ELECTRONS\u00a0AND\u00a0EXCITON\u00a0POLARITONS, Jaime Abad Arredondo, Universidad Aut\u00f3noma de Madrid, Departamento de F\u00edsica Te\u00f3rica de la Materia Condensada, Supervisors: Antonio I. Fern\u00e1ndez Dom\u00ednguez and Francisco Jos\u00e9 Garc\u00eda Vidal, Madrid, April 2025.\u00a0[pdf] 2020 DRESSING THE VACUUM: STRONG LIGHT&#8211;MATTER COUPLING FOR ENHANCING PHOTON CORRELATIONS AND EXCITON TRANSPORT, Roc\u00edo S\u00e1ez Bl\u00e1zquez, Universidad Aut\u00f3noma de Madrid, Departamento de F\u00edsica Te\u00f3rica&hellip;<\/p>\n","protected":false},"author":15,"featured_media":0,"parent":0,"menu_order":0,"comment_status":"closed","ping_status":"closed","template":"","meta":{"_mo_disable_npp":"","footnotes":""},"class_list":["post-190","page","type-page","status-publish","hentry","no-post-thumbnail","entry"],"_links":{"self":[{"href":"https:\/\/members.ifimac.uam.es\/fjgarcia\/wp-json\/wp\/v2\/pages\/190","targetHints":{"allow":["GET"]}}],"collection":[{"href":"https:\/\/members.ifimac.uam.es\/fjgarcia\/wp-json\/wp\/v2\/pages"}],"about":[{"href":"https:\/\/members.ifimac.uam.es\/fjgarcia\/wp-json\/wp\/v2\/types\/page"}],"author":[{"embeddable":true,"href":"https:\/\/members.ifimac.uam.es\/fjgarcia\/wp-json\/wp\/v2\/users\/15"}],"replies":[{"embeddable":true,"href":"https:\/\/members.ifimac.uam.es\/fjgarcia\/wp-json\/wp\/v2\/comments?post=190"}],"version-history":[{"count":20,"href":"https:\/\/members.ifimac.uam.es\/fjgarcia\/wp-json\/wp\/v2\/pages\/190\/revisions"}],"predecessor-version":[{"id":514,"href":"https:\/\/members.ifimac.uam.es\/fjgarcia\/wp-json\/wp\/v2\/pages\/190\/revisions\/514"}],"wp:attachment":[{"href":"https:\/\/members.ifimac.uam.es\/fjgarcia\/wp-json\/wp\/v2\/media?parent=190"}],"curies":[{"name":"wp","href":"https:\/\/api.w.org\/{rel}","templated":true}]}}