{"id":27,"date":"2023-10-17T22:00:13","date_gmt":"2023-10-17T20:00:13","guid":{"rendered":"http:\/\/members.ifimac.uam.es\/lindazotti\/?page_id=27"},"modified":"2025-09-24T16:31:28","modified_gmt":"2025-09-24T14:31:28","slug":"people","status":"publish","type":"page","link":"https:\/\/members.ifimac.uam.es\/lindazotti\/people\/","title":{"rendered":"People"},"content":{"rendered":"<p>PhD students:<\/p>\n<p>Jorge Vega (shared with Prof. Jos\u00e9 Ortega)<\/p>\n<p>Carlos Rold\u00e1n-Pi\u00f1ero (shared with Prof. Jos\u00e9 Ortega)<\/p>\n<p>Jorge Garc\u00eda Ingl\u00e9s (shared with Salvatore Assenza)<\/p>\n","protected":false},"excerpt":{"rendered":"<p>PhD students: Jorge Vega (shared with Prof. Jos\u00e9 Ortega) Carlos Rold\u00e1n-Pi\u00f1ero (shared with Prof. Jos\u00e9 Ortega) Jorge Garc\u00eda Ingl\u00e9s (shared with Salvatore Assenza)<\/p>\n","protected":false},"author":1,"featured_media":0,"parent":0,"menu_order":0,"comment_status":"closed","ping_status":"closed","template":"","meta":{"_mo_disable_npp":"","footnotes":""},"class_list":["post-27","page","type-page","status-publish","hentry","no-post-thumbnail","entry"],"_links":{"self":[{"href":"https:\/\/members.ifimac.uam.es\/lindazotti\/wp-json\/wp\/v2\/pages\/27","targetHints":{"allow":["GET"]}}],"collection":[{"href":"https:\/\/members.ifimac.uam.es\/lindazotti\/wp-json\/wp\/v2\/pages"}],"about":[{"href":"https:\/\/members.ifimac.uam.es\/lindazotti\/wp-json\/wp\/v2\/types\/page"}],"author":[{"embeddable":true,"href":"https:\/\/members.ifimac.uam.es\/lindazotti\/wp-json\/wp\/v2\/users\/1"}],"replies":[{"embeddable":true,"href":"https:\/\/members.ifimac.uam.es\/lindazotti\/wp-json\/wp\/v2\/comments?post=27"}],"version-history":[{"count":5,"href":"https:\/\/members.ifimac.uam.es\/lindazotti\/wp-json\/wp\/v2\/pages\/27\/revisions"}],"predecessor-version":[{"id":265,"href":"https:\/\/members.ifimac.uam.es\/lindazotti\/wp-json\/wp\/v2\/pages\/27\/revisions\/265"}],"wp:attachment":[{"href":"https:\/\/members.ifimac.uam.es\/lindazotti\/wp-json\/wp\/v2\/media?parent=27"}],"curies":[{"name":"wp","href":"https:\/\/api.w.org\/{rel}","templated":true}]}}