{"id":93,"date":"2023-12-04T16:24:02","date_gmt":"2023-12-04T15:24:02","guid":{"rendered":"https:\/\/members.ifimac.uam.es\/lindazotti\/?page_id=93"},"modified":"2026-02-18T17:37:18","modified_gmt":"2026-02-18T16:37:18","slug":"eventsoutreach","status":"publish","type":"page","link":"https:\/\/members.ifimac.uam.es\/lindazotti\/eventsoutreach\/","title":{"rendered":"Events&amp;Outreach"},"content":{"rendered":"<h4>2026<\/h4>\n<ul>\n<li>Outreach activity\u00a0<strong> &#8220;Electr\u00f3nica molecular \u00bfQu\u00e9 es eso?&#8221; <\/strong><br \/>\n(February 2026) Part of the IFIMAC outreach event &#8220;International Day of Women and Girls in Science 2026 with IFIMAC&#8221;<\/li>\n<\/ul>\n<h4>2025<\/h4>\n<ul>\n<li>Outreach activity\u00a0<strong> &#8220;\u00bfDe qu\u00e9 est\u00e1 hecha la materia que nos rodea?&#8221; <\/strong><br \/>\n(November 2025) Part of the IFIMAC outreach event &#8220;Explorando la F\u00edsica de la Materia<br \/>\nCondensada desde el CEIP Principe de Asturias:<br \/>\nTalleres de ciencia con el IFIMAC&#8221;<\/li>\n<li>Special session <strong> &#8220;Molecular conductors: spin filtering and thermoelectric propertiesMolecular&#8221; <\/strong><br \/>\n(July 2025) Part of the IEEE Nano 2025 conference [<a href=\"https:\/\/2025.ieeenano.org\/\">URL<\/a>]<br \/>\nOrganizers: L. A. Zotti and C. Sabater<\/li>\n<\/ul>\n<h4>2024<\/h4>\n<ul>\n<li>Outreach activity\u00a0<strong> &#8220;\u00bfDe qu\u00e9 est\u00e1 hecha la materia que nos rodea?&#8221; <\/strong><br \/>\n(October 2024) Part of the IFIMAC outreach event &#8220;Explorando la F\u00edsica de la Materia<br \/>\nCondensada desde el CEIP Principe de Asturias:<br \/>\nTalleres de ciencia con el IFIMAC&#8221;\u00a0 [<a href=\"https:\/\/www.ifimac.uam.es\/outreach\/spanish\/\">URL<\/a>]<\/li>\n<li>Symposium <strong> &#8220;Molecular biophysics&#8221; <\/strong><br \/>\n(July 2024) Part of the The XXXIX RSEF Physics Biennial [<a href=\"https:\/\/bienalfisica.org\/en\/home\">URL<\/a>]<br \/>\nOrganizers: L. A. Zotti and S. Assenza [<a class=\"scheme2\" href=\"https:\/\/www.mrs.org\/meetings-events\/fall-meetings-exhibits\/2023-mrs-fall-meeting\/call-for-papers\/detail\/2023_mrs_fall_meeting\/sb06\/Symposium_SB06\">URL<\/a>]<\/li>\n<\/ul>\n<h4 class=\"title\">2023<\/h4>\n<ul>\n<li class=\"list-group-item\">Symposium <strong> &#8220;Experimental and Computational Advances in Biomolecular Electronics&#8221; <\/strong><br \/>\n(Nov-Dec 2023) Part of the 2023 MRS Fall Meeting<br \/>\nOrganizers: A. Anantram, J. Artes Vivancos, J. Hihath and L.A. Zotti [<a class=\"scheme2\" href=\"https:\/\/www.mrs.org\/meetings-events\/fall-meetings-exhibits\/2023-mrs-fall-meeting\/call-for-papers\/detail\/2023_mrs_fall_meeting\/sb06\/Symposium_SB06\">URL<\/a>]<\/li>\n<li class=\"list-group-item\">Outreach talk for <strong> &#8220;11 de Febrero&#8221; (international day of women in science) <\/strong><br \/>\n(Colegio Altair Internacional)<br \/>\n[<a class=\"scheme2\" href=\"https:\/\/www.colegioaltair.com\/dia-internacional-de-la-nina-y-la-mujer-en-la-ciencia\/\">URL<\/a>]<\/li>\n<li class=\"list-group-item\">Colloquium <strong> &#8220;Charge transport in molecules and biosystems at different scales: going beyond traditional electronics&#8221;,<\/strong><br \/>\n(Sept 2023) part of the CMD30-FisMat2023 conference<br \/>\nOrganizers: L.A.Zotti, E.Leary and E. Alfinito<br \/>\n[<a class=\"scheme2\" href=\"https:\/\/eventi.cnism.it\/cmd30-fismat\/minicolloquia\">URL<\/a>]<\/li>\n<\/ul>\n<h4 class=\"title\">2022<\/h4>\n<ul>\n<li class=\"list-group-item\">Outreach talk for <strong> &#8220;11 de Febrero&#8221; (international day of women in science) <\/strong><br \/>\n(Colegio Altair Internacional)<br \/>\n[<a class=\"scheme2\" href=\"https:\/\/www.colegioaltair.com\/11-f-dia-internacional-de-la-mujer-y-la-nina-en-la-ciencia\/\">URL<\/a>]<\/li>\n<\/ul>\n<h4 class=\"title\">2020<\/h4>\n<ul>\n<li class=\"list-group-item\"><strong> Colloquium &#8220;Quantum thermoelectrics and heat currents at the nanoscale&#8221;,<\/strong><br \/>\npart of the CMD2020GEFES conference.<br \/>\nOrganizers: R. Sanchez, L.A. Zotti, E. Leary, J. Splettstoesser<br \/>\n[<a class=\"scheme2\" href=\"https:\/\/eventos.uam.es\/28512\/section\/23693\/2020-joint-conference-of-the-condensed-matter-divisions-of-eps-cmd-and-rsef-gefes.html\">URL<\/a>]<\/li>\n<\/ul>\n<h4 class=\"title\">2019<\/h4>\n<ul>\n<li class=\"list-group-item\">Outreach talk for <strong> &#8220;Pint of Science 2019&#8221;<\/strong>(Tech me out session)<br \/>\nMoe Club (Madrid, Spain)<br \/>\n[<a class=\"scheme2\" href=\"https:\/\/pintofscience.es\/event\/madrid-2019-05-22-tech-me-out\">URL<\/a>]<\/li>\n<\/ul>\n<h4 class=\"title\">2018<\/h4>\n<ul>\n<li class=\"list-group-item\"><strong> &#8220;F\u00edsicos en Materia&#8221; <\/strong> (outreach event organized for high-school students by 13 <a class=\"scheme2\" href=\"https:\/\/www.ifimac.uam.es\/\">IFIMAC<\/a> women).<br \/>\n[<a class=\"scheme2\" href=\"https:\/\/www.ifimac.uam.es\/conferences-events\/events\/doors-open-day-fisicos-en-materia\/\">URL<\/a>]<\/li>\n<li class=\"list-group-item\"><strong> Psi-k-CECAM conference Biomolectro (biomolecular electronics), <\/strong>Madrid (Spain).<br \/>\nOrganizers: L.A Zotti, J.C. Cuevas, R. P\u00e9rez<br \/>\n[<a class=\"scheme2\" href=\"https:\/\/www.ifimac.uam.es\/conferences-events\/biomolectro-conference-on-biomolecular-electronics\/\">URL<\/a>]<\/li>\n<\/ul>\n<h4 class=\"title\">2017<\/h4>\n<ul>\n<li class=\"list-group-item\"><strong> Max Planck Institute workshop &#8220;Many paths to interference: a journey between quantum dots and single-molecule junctions&#8221; <\/strong>, Dresden (Germany).<br \/>\nOrganizers: A. Donarini, L.A. Zotti<br \/>\n[<a class=\"scheme2\" href=\"https:\/\/www.pks.mpg.de\/mpinqt17\">URL<\/a>]<\/li>\n<\/ul>\n<h4 class=\"title\">Press<\/h4>\n<p><a class=\"scheme2\" href=\"https:\/\/elpais.com\/elpais\/2019\/07\/12\/ciencia\/1562923035_797926.html\">AMIT-El Pa\u00eds<\/a>, <a class=\"scheme2\" href=\"https:\/\/360gradospress.com\/reportajes\/ciencia-se-escribe-en-femenino\/\">360grados<\/a>, <a class=\"scheme2\" href=\"https:\/\/www.europapress.es\/ciencia\/laboratorio\/noticia-disenado-primer-refrigerador-molecular-organico-20171219171402.html\">Cienciaplus<\/a>, <a class=\"scheme2\" href=\"https:\/\/www.lavanguardia.com\/vida\/20220708\/8394443\/autonoma-investiga-interfaces-metales-aplicacion-tecnologia.html\"> Lavanguardia <\/a><\/p>\n","protected":false},"excerpt":{"rendered":"<p>2026 Outreach activity\u00a0 &#8220;Electr\u00f3nica molecular \u00bfQu\u00e9 es eso?&#8221; (February 2026) Part of the IFIMAC outreach event &#8220;International Day of Women and Girls in Science 2026 with IFIMAC&#8221; 2025 Outreach activity\u00a0 &#8220;\u00bfDe qu\u00e9 est\u00e1 hecha la materia que nos rodea?&#8221; (November 2025) Part of the IFIMAC outreach event &#8220;Explorando la F\u00edsica de la Materia Condensada desde&hellip;<\/p>\n","protected":false},"author":1,"featured_media":0,"parent":0,"menu_order":0,"comment_status":"closed","ping_status":"closed","template":"","meta":{"_mo_disable_npp":"","footnotes":""},"class_list":["post-93","page","type-page","status-publish","hentry","no-post-thumbnail","entry"],"_links":{"self":[{"href":"https:\/\/members.ifimac.uam.es\/lindazotti\/wp-json\/wp\/v2\/pages\/93","targetHints":{"allow":["GET"]}}],"collection":[{"href":"https:\/\/members.ifimac.uam.es\/lindazotti\/wp-json\/wp\/v2\/pages"}],"about":[{"href":"https:\/\/members.ifimac.uam.es\/lindazotti\/wp-json\/wp\/v2\/types\/page"}],"author":[{"embeddable":true,"href":"https:\/\/members.ifimac.uam.es\/lindazotti\/wp-json\/wp\/v2\/users\/1"}],"replies":[{"embeddable":true,"href":"https:\/\/members.ifimac.uam.es\/lindazotti\/wp-json\/wp\/v2\/comments?post=93"}],"version-history":[{"count":9,"href":"https:\/\/members.ifimac.uam.es\/lindazotti\/wp-json\/wp\/v2\/pages\/93\/revisions"}],"predecessor-version":[{"id":273,"href":"https:\/\/members.ifimac.uam.es\/lindazotti\/wp-json\/wp\/v2\/pages\/93\/revisions\/273"}],"wp:attachment":[{"href":"https:\/\/members.ifimac.uam.es\/lindazotti\/wp-json\/wp\/v2\/media?parent=93"}],"curies":[{"name":"wp","href":"https:\/\/api.w.org\/{rel}","templated":true}]}}