{"id":219,"date":"2024-03-25T16:39:55","date_gmt":"2024-03-25T15:39:55","guid":{"rendered":"https:\/\/members.ifimac.uam.es\/parroyohuidobro\/?page_id=219"},"modified":"2024-03-25T16:40:09","modified_gmt":"2024-03-25T15:40:09","slug":"paloma","status":"publish","type":"page","link":"https:\/\/members.ifimac.uam.es\/parroyohuidobro\/people\/paloma\/","title":{"rendered":"Paloma"},"content":{"rendered":"<p><strong>Research profiles<\/strong><br \/>\n<a href=\"https:\/\/scholar.google.com\/citations?user=4FBO10gAAAAJ&amp;hl=es\">Google Scholar<\/a><br \/>\nORCID <a href=\"https:\/\/orcid.org\/0000-0002-7968-5158\">0000-0002-7968-5158<\/a><br \/>\nResearch <a href=\"https:\/\/www.webofscience.com\/wos\/author\/rid\/AAU-9900-2020\">ID AAU-9900-2020<\/a><\/p>\n<p><strong>A brief Bio<br \/>\n<\/strong>Between 2009 and 2013 I did my PhD at Universidad Aut\u00f3noma de Madrid. In 2014 I joined Imperial College London where I hold Marie Sklodowska-Curie Fellowship between 2016 and 2018. In 2019 I moved to Instituto de Telecomunica\u00e7oes at the Instituto Superior T\u00e9cnico in Lisbon. Subsequently, in 2022, after Ram\u00f3n y Cajal fellowship, I moved to IFIMAC-UAM, the Condensed Matter Physics Center at Universidad Aut\u00f3noma de Madrid. In 2023 I was awarded an ERC Starting Grant for my project <a href=\"https:\/\/members.ifimac.uam.es\/parroyohuidobro\/erc-timelight\/\">TIMELIGHT<\/a>.<\/p>\n<p><strong>Scientific trajectory<br \/>\n<\/strong>2023 &#8211; Ram\u00f3n y Cajal Fellow, IFIMAC and Condensed Matter Theory Department, Universidad Aut\u00f3noma de Madrid<br \/>\n2019 &#8211; 2022 FCT Associate Research Fellow. Instituto de Telecomunica\u00e7oes, Instituto Superior T\u00e9cnico, Lisbon<br \/>\n03-05\/2019 Postdoctoral researcher in the MMUSCLES ERC project. Universidad Aut\u00f3noma de Madrid<br \/>\n2016 &#8211; 2018 Marie Sklodowska-Curie Fellow. Imperial College London<br \/>\n2014 &#8211; 2015 Research Associate in the Nanoplasmonics and Condensed Matter Theory groups. Imperial College London<br \/>\n2009-2013 PhD student in the Nanophotonics group @ UAM. Universidad Aut\u00f3noma de Madrid<br \/>\n2010 Visiting student in XLab at University of California at Berkeley<\/p>\n<p>Career breaks:<br \/>\n09\/2021-02\/2022 (Maternity leave)<br \/>\n11\/2017-04\/2018 (Maternity leave)<br \/>\n04-11\/2014 (Career break)<\/p>\n","protected":false},"excerpt":{"rendered":"<p>Research profiles Google Scholar ORCID 0000-0002-7968-5158 Research ID AAU-9900-2020 A brief Bio Between 2009 and 2013 I did my PhD at Universidad Aut\u00f3noma de Madrid. In 2014 I joined Imperial College London where I hold Marie Sklodowska-Curie Fellowship between 2016 and 2018. In 2019 I moved to Instituto de Telecomunica\u00e7oes at the Instituto Superior T\u00e9cnico&hellip;<\/p>\n","protected":false},"author":10,"featured_media":0,"parent":27,"menu_order":0,"comment_status":"closed","ping_status":"closed","template":"","meta":{"_mo_disable_npp":"","footnotes":""},"class_list":["post-219","page","type-page","status-publish","hentry","no-post-thumbnail","entry"],"_links":{"self":[{"href":"https:\/\/members.ifimac.uam.es\/parroyohuidobro\/wp-json\/wp\/v2\/pages\/219","targetHints":{"allow":["GET"]}}],"collection":[{"href":"https:\/\/members.ifimac.uam.es\/parroyohuidobro\/wp-json\/wp\/v2\/pages"}],"about":[{"href":"https:\/\/members.ifimac.uam.es\/parroyohuidobro\/wp-json\/wp\/v2\/types\/page"}],"author":[{"embeddable":true,"href":"https:\/\/members.ifimac.uam.es\/parroyohuidobro\/wp-json\/wp\/v2\/users\/10"}],"replies":[{"embeddable":true,"href":"https:\/\/members.ifimac.uam.es\/parroyohuidobro\/wp-json\/wp\/v2\/comments?post=219"}],"version-history":[{"count":2,"href":"https:\/\/members.ifimac.uam.es\/parroyohuidobro\/wp-json\/wp\/v2\/pages\/219\/revisions"}],"predecessor-version":[{"id":302,"href":"https:\/\/members.ifimac.uam.es\/parroyohuidobro\/wp-json\/wp\/v2\/pages\/219\/revisions\/302"}],"up":[{"embeddable":true,"href":"https:\/\/members.ifimac.uam.es\/parroyohuidobro\/wp-json\/wp\/v2\/pages\/27"}],"wp:attachment":[{"href":"https:\/\/members.ifimac.uam.es\/parroyohuidobro\/wp-json\/wp\/v2\/media?parent=219"}],"curies":[{"name":"wp","href":"https:\/\/api.w.org\/{rel}","templated":true}]}}