{"id":27,"date":"2023-10-17T22:00:13","date_gmt":"2023-10-17T20:00:13","guid":{"rendered":"http:\/\/members.ifimac.uam.es\/parroyohuidobro\/?page_id=27"},"modified":"2026-01-26T12:24:47","modified_gmt":"2026-01-26T11:24:47","slug":"people","status":"publish","type":"page","link":"https:\/\/members.ifimac.uam.es\/parroyohuidobro\/people\/","title":{"rendered":"People"},"content":{"rendered":"<h2>Group members<\/h2>\n<table style=\"border-collapse: collapse;width: 100%;height: 1171px\">\n<tbody>\n<tr style=\"height: 105px\">\n<td style=\"width: 22.6027%;height: 105px\"><img loading=\"lazy\" decoding=\"async\" class=\"size-medium wp-image-109 alignnone\" src=\"https:\/\/members.ifimac.uam.es\/parroyohuidobro\/wp-content\/uploads\/sites\/13\/2024\/02\/erc-uam-sq-300x300.jpg\" alt=\"\" width=\"300\" height=\"300\" srcset=\"https:\/\/members.ifimac.uam.es\/parroyohuidobro\/wp-content\/uploads\/sites\/13\/2024\/02\/erc-uam-sq-300x300.jpg 300w, https:\/\/members.ifimac.uam.es\/parroyohuidobro\/wp-content\/uploads\/sites\/13\/2024\/02\/erc-uam-sq-150x150.jpg 150w, https:\/\/members.ifimac.uam.es\/parroyohuidobro\/wp-content\/uploads\/sites\/13\/2024\/02\/erc-uam-sq-64x64.jpg 64w, https:\/\/members.ifimac.uam.es\/parroyohuidobro\/wp-content\/uploads\/sites\/13\/2024\/02\/erc-uam-sq-100x100.jpg 100w, https:\/\/members.ifimac.uam.es\/parroyohuidobro\/wp-content\/uploads\/sites\/13\/2024\/02\/erc-uam-sq.jpg 577w\" sizes=\"auto, (max-width: 300px) 100vw, 300px\" \/><\/td>\n<td style=\"width: 77.3973%;height: 105px\"><strong>Paloma Arroyo Huidobro<\/strong><br \/>\nGroup leader<br \/>\nE-mail: p.arroyo-huidobro@uam.es<br \/>\nOffice: Facultad de Ciencias, Module C-05, 604<br \/>\nTel.: +34 91497 6452<br \/>\n<a href=\"https:\/\/members.ifimac.uam.es\/parroyohuidobro\/people\/paloma\/\">Bio<\/a><\/td>\n<\/tr>\n<tr style=\"height: 163px\">\n<td style=\"width: 22.6027%;height: 163px\"><img loading=\"lazy\" decoding=\"async\" class=\"alignnone wp-image-232 size-medium\" src=\"https:\/\/members.ifimac.uam.es\/parroyohuidobro\/wp-content\/uploads\/sites\/13\/2024\/10\/fontainebleau-300x294.jpg\" alt=\"\" width=\"300\" height=\"294\" srcset=\"https:\/\/members.ifimac.uam.es\/parroyohuidobro\/wp-content\/uploads\/sites\/13\/2024\/10\/fontainebleau-300x294.jpg 300w, https:\/\/members.ifimac.uam.es\/parroyohuidobro\/wp-content\/uploads\/sites\/13\/2024\/10\/fontainebleau-64x64.jpg 64w, https:\/\/members.ifimac.uam.es\/parroyohuidobro\/wp-content\/uploads\/sites\/13\/2024\/10\/fontainebleau.jpg 750w\" sizes=\"auto, (max-width: 300px) 100vw, 300px\" \/><\/td>\n<td style=\"width: 77.3973%;height: 163px\"><strong>Thomas Allard<br \/>\n<\/strong>Postdoc<br \/>\nE-mail: thomas.allard@uam.es<br \/>\nOffice: Facultad de Ciencias, Module C-05, 202<\/td>\n<\/tr>\n<tr style=\"height: 166px\">\n<td style=\"width: 22.6027%;height: 166px\"><img loading=\"lazy\" decoding=\"async\" class=\"alignnone size-medium wp-image-296\" src=\"https:\/\/members.ifimac.uam.es\/parroyohuidobro\/wp-content\/uploads\/sites\/13\/2025\/09\/Frank-300x300.jpeg\" alt=\"\" width=\"300\" height=\"300\" srcset=\"https:\/\/members.ifimac.uam.es\/parroyohuidobro\/wp-content\/uploads\/sites\/13\/2025\/09\/Frank-300x300.jpeg 300w, https:\/\/members.ifimac.uam.es\/parroyohuidobro\/wp-content\/uploads\/sites\/13\/2025\/09\/Frank-150x150.jpeg 150w, https:\/\/members.ifimac.uam.es\/parroyohuidobro\/wp-content\/uploads\/sites\/13\/2025\/09\/Frank-64x64.jpeg 64w, https:\/\/members.ifimac.uam.es\/parroyohuidobro\/wp-content\/uploads\/sites\/13\/2025\/09\/Frank-100x100.jpeg 100w, https:\/\/members.ifimac.uam.es\/parroyohuidobro\/wp-content\/uploads\/sites\/13\/2025\/09\/Frank.jpeg 491w\" sizes=\"auto, (max-width: 300px) 100vw, 300px\" \/><\/td>\n<td style=\"width: 77.3973%;height: 166px\"><strong>Frank Quintelta<br \/>\n<\/strong>Postdoc, co-supervised with Antonio Fern\u00e1ndez Dom\u00ednguez<br \/>\nE-mail: frank.quintela@uam.es<br \/>\nOffice: Facultad de Ciencias, Module C-05, 202<\/td>\n<\/tr>\n<tr style=\"height: 166px\">\n<td style=\"width: 22.6027%;height: 166px\"><img loading=\"lazy\" decoding=\"async\" class=\"alignnone size-full wp-image-305\" src=\"https:\/\/members.ifimac.uam.es\/parroyohuidobro\/wp-content\/uploads\/sites\/13\/2025\/10\/Imagen_Adrian.jpg\" alt=\"\" width=\"200\" height=\"200\" srcset=\"https:\/\/members.ifimac.uam.es\/parroyohuidobro\/wp-content\/uploads\/sites\/13\/2025\/10\/Imagen_Adrian.jpg 200w, https:\/\/members.ifimac.uam.es\/parroyohuidobro\/wp-content\/uploads\/sites\/13\/2025\/10\/Imagen_Adrian-150x150.jpg 150w, https:\/\/members.ifimac.uam.es\/parroyohuidobro\/wp-content\/uploads\/sites\/13\/2025\/10\/Imagen_Adrian-64x64.jpg 64w, https:\/\/members.ifimac.uam.es\/parroyohuidobro\/wp-content\/uploads\/sites\/13\/2025\/10\/Imagen_Adrian-100x100.jpg 100w\" sizes=\"auto, (max-width: 200px) 100vw, 200px\" \/><\/td>\n<td style=\"width: 77.3973%;height: 166px\"><span style=\"color: #000000\"><strong>Adri\u00e1n Juan Delgado<br \/>\n<\/strong>Postdoc, co-supervised with Diego Mart\u00edn Cano<\/span><br \/>\n<span style=\"color: #000000\">E-mail: adrian.juan@uam.es<\/span><br \/>\n<span style=\"color: #000000\">Office: Facultad de Ciencias, Module C-05, 202<\/span><\/td>\n<\/tr>\n<tr>\n<td style=\"width: 22.6027%\"><img loading=\"lazy\" decoding=\"async\" class=\"size-full wp-image-108 aligncenter\" src=\"https:\/\/members.ifimac.uam.es\/parroyohuidobro\/wp-content\/uploads\/sites\/13\/2024\/02\/Jaime-e1731596656928.jpg\" alt=\"\" width=\"99\" height=\"99\" srcset=\"https:\/\/members.ifimac.uam.es\/parroyohuidobro\/wp-content\/uploads\/sites\/13\/2024\/02\/Jaime-e1731596656928.jpg 99w, https:\/\/members.ifimac.uam.es\/parroyohuidobro\/wp-content\/uploads\/sites\/13\/2024\/02\/Jaime-e1731596656928-64x64.jpg 64w\" sizes=\"auto, (max-width: 99px) 100vw, 99px\" \/><\/td>\n<td style=\"width: 77.3973%\"><strong>Jaime Echave Sustaeta-Osuna<br \/>\n<\/strong>PhD student<br \/>\nE-mail: j.echave-sustaeta@uam.es<br \/>\nOffice: Facultad de Ciencias, Module C-05, 202<\/td>\n<\/tr>\n<tr style=\"height: 84px\">\n<td style=\"width: 22.6027%;height: 84px\"><img loading=\"lazy\" decoding=\"async\" class=\"aligncenter wp-image-125 size-medium\" src=\"https:\/\/members.ifimac.uam.es\/parroyohuidobro\/wp-content\/uploads\/sites\/13\/2024\/03\/PXL_20230803_1647507892-1-e1731596930410-300x300.jpg\" alt=\"\" width=\"300\" height=\"300\" srcset=\"https:\/\/members.ifimac.uam.es\/parroyohuidobro\/wp-content\/uploads\/sites\/13\/2024\/03\/PXL_20230803_1647507892-1-e1731596930410-300x300.jpg 300w, https:\/\/members.ifimac.uam.es\/parroyohuidobro\/wp-content\/uploads\/sites\/13\/2024\/03\/PXL_20230803_1647507892-1-e1731596930410-1024x1024.jpg 1024w, https:\/\/members.ifimac.uam.es\/parroyohuidobro\/wp-content\/uploads\/sites\/13\/2024\/03\/PXL_20230803_1647507892-1-e1731596930410-150x150.jpg 150w, https:\/\/members.ifimac.uam.es\/parroyohuidobro\/wp-content\/uploads\/sites\/13\/2024\/03\/PXL_20230803_1647507892-1-e1731596930410-768x768.jpg 768w, https:\/\/members.ifimac.uam.es\/parroyohuidobro\/wp-content\/uploads\/sites\/13\/2024\/03\/PXL_20230803_1647507892-1-e1731596930410-1536x1536.jpg 1536w, https:\/\/members.ifimac.uam.es\/parroyohuidobro\/wp-content\/uploads\/sites\/13\/2024\/03\/PXL_20230803_1647507892-1-e1731596930410-64x64.jpg 64w, https:\/\/members.ifimac.uam.es\/parroyohuidobro\/wp-content\/uploads\/sites\/13\/2024\/03\/PXL_20230803_1647507892-1-e1731596930410-100x100.jpg 100w, https:\/\/members.ifimac.uam.es\/parroyohuidobro\/wp-content\/uploads\/sites\/13\/2024\/03\/PXL_20230803_1647507892-1-e1731596930410.jpg 1585w\" sizes=\"auto, (max-width: 300px) 100vw, 300px\" \/><\/td>\n<td style=\"width: 77.3973%;height: 84px\"><strong>Alejandro Caballero Dom\u00ednguez<\/strong><br \/>\nPhD student<br \/>\nE-mail: alejandro.caballero@uam.es<br \/>\nOffice: Facultad de Ciencias, Module C-05, 202<\/td>\n<\/tr>\n<tr style=\"height: 166px\">\n<td style=\"width: 22.6027%;height: 166px\"><img loading=\"lazy\" decoding=\"async\" class=\"alignnone wp-image-257 size-full\" src=\"https:\/\/members.ifimac.uam.es\/parroyohuidobro\/wp-content\/uploads\/sites\/13\/2025\/01\/IMG_7471-scaled-e1737471123341.jpg\" alt=\"\" width=\"300\" height=\"300\" srcset=\"https:\/\/members.ifimac.uam.es\/parroyohuidobro\/wp-content\/uploads\/sites\/13\/2025\/01\/IMG_7471-scaled-e1737471123341.jpg 300w, https:\/\/members.ifimac.uam.es\/parroyohuidobro\/wp-content\/uploads\/sites\/13\/2025\/01\/IMG_7471-scaled-e1737471123341-150x150.jpg 150w, https:\/\/members.ifimac.uam.es\/parroyohuidobro\/wp-content\/uploads\/sites\/13\/2025\/01\/IMG_7471-scaled-e1737471123341-64x64.jpg 64w, https:\/\/members.ifimac.uam.es\/parroyohuidobro\/wp-content\/uploads\/sites\/13\/2025\/01\/IMG_7471-scaled-e1737471123341-100x100.jpg 100w\" sizes=\"auto, (max-width: 300px) 100vw, 300px\" \/><\/td>\n<td style=\"width: 77.3973%;height: 166px\"><strong>Miguel Verde Ruiz<br \/>\n<\/strong>PhD student<br \/>\nE-mail: miguel.verde@uam.es<br \/>\nOffice: Facultad de Ciencias, Module C-05, 202<\/td>\n<\/tr>\n<tr style=\"height: 202px\">\n<td style=\"width: 22.6027%;height: 202px\">\n<h2><img loading=\"lazy\" decoding=\"async\" class=\"alignnone wp-image-309 size-medium\" src=\"https:\/\/members.ifimac.uam.es\/parroyohuidobro\/wp-content\/uploads\/sites\/13\/2025\/11\/Laura-Lobato-e1762504557672-300x300.jpeg\" alt=\"\" width=\"300\" height=\"300\" srcset=\"https:\/\/members.ifimac.uam.es\/parroyohuidobro\/wp-content\/uploads\/sites\/13\/2025\/11\/Laura-Lobato-e1762504557672-300x300.jpeg 300w, https:\/\/members.ifimac.uam.es\/parroyohuidobro\/wp-content\/uploads\/sites\/13\/2025\/11\/Laura-Lobato-e1762504557672-150x150.jpeg 150w, https:\/\/members.ifimac.uam.es\/parroyohuidobro\/wp-content\/uploads\/sites\/13\/2025\/11\/Laura-Lobato-e1762504557672-64x64.jpeg 64w, https:\/\/members.ifimac.uam.es\/parroyohuidobro\/wp-content\/uploads\/sites\/13\/2025\/11\/Laura-Lobato-e1762504557672-100x100.jpeg 100w, https:\/\/members.ifimac.uam.es\/parroyohuidobro\/wp-content\/uploads\/sites\/13\/2025\/11\/Laura-Lobato-e1762504557672.jpeg 677w\" sizes=\"auto, (max-width: 300px) 100vw, 300px\" \/><\/h2>\n<\/td>\n<td style=\"width: 77.3973%;height: 202px\"><strong>Laura Lobato Capuz<br \/>\n<\/strong>Undergraduate student (TFG)<br \/>\nE-mail: laura.lobato@uam.es<br \/>\nOffice: Facultad de Ciencias, Module C-05, 202<\/td>\n<\/tr>\n<tr style=\"height: 119px\">\n<td style=\"width: 22.6027%;height: 119px\">\n<h2><img loading=\"lazy\" decoding=\"async\" class=\"aligncenter wp-image-206 size-full\" src=\"https:\/\/members.ifimac.uam.es\/parroyohuidobro\/wp-content\/uploads\/sites\/13\/2024\/03\/Guilherme-e1731596996279.png\" alt=\"\" width=\"255\" height=\"255\" srcset=\"https:\/\/members.ifimac.uam.es\/parroyohuidobro\/wp-content\/uploads\/sites\/13\/2024\/03\/Guilherme-e1731596996279.png 255w, https:\/\/members.ifimac.uam.es\/parroyohuidobro\/wp-content\/uploads\/sites\/13\/2024\/03\/Guilherme-e1731596996279-150x150.png 150w, https:\/\/members.ifimac.uam.es\/parroyohuidobro\/wp-content\/uploads\/sites\/13\/2024\/03\/Guilherme-e1731596996279-64x64.png 64w, https:\/\/members.ifimac.uam.es\/parroyohuidobro\/wp-content\/uploads\/sites\/13\/2024\/03\/Guilherme-e1731596996279-100x100.png 100w\" sizes=\"auto, (max-width: 255px) 100vw, 255px\" \/><\/h2>\n<\/td>\n<td style=\"width: 77.3973%;height: 119px\"><strong>Guilherme Fonseca<\/strong> (Instituto de Telecomunica\u00e7\u00f5es, Instituto Superior T\u00e9cnico, University of Lisbon)<br \/>\nPhD student (co-supervised with M. Silveirinha and F. Prudencio)<br \/>\nE-mail: guilhermefonseca@tecnico.ulisboa.pt<\/td>\n<\/tr>\n<\/tbody>\n<\/table>\n<p>&nbsp;<\/p>\n<h2>Former members<\/h2>\n<p>Mar\u00eda Blanco de Paz &#8211; Postdoc. Now Juan de la Cierva Fellow at CSIC.<br \/>\nMatthew Proctor &#8211; PhD student<br \/>\nEmanuele Galiffi &#8211; PhD student (co-supervised with John Pendry) \/ Postdoc at IFIMAC. Now Assistant Professor at UT Austin.<br \/>\nFan Yang &#8211; PhD student (co-supervised with John Pendry). Now Professor at Sichuan University<\/p>\n<p>&nbsp;<\/p>\n<p>&nbsp;<\/p>\n<h2>Collaborators<\/h2>\n<p>John Pendry, Imperial College London<br \/>\nMario Silveirinha, Instituto Superior Tecnico<br \/>\nFilipa Prudencio, Instituto de Telecomunica\u00e7\u00f5es<br \/>\nAitzol Garc\u00eda-Etxarri, DIPC<br \/>\nFrancisco Garc\u00eda Vidal, Universidad Aut\u00f3noma de Madrid<br \/>\nAntonio Fern\u00e1ndez-Dom\u00ednguez, Universidad Aut\u00f3noma de Madrid<br \/>\nVincenzo Giannini, CSIC<br \/>\nAlejandro Gonz\u00e1lez Tudela, CSIC<\/p>\n<p>&nbsp;<\/p>\n","protected":false},"excerpt":{"rendered":"<p>Group members Paloma Arroyo Huidobro Group leader E-mail: p.arroyo-huidobro@uam.es Office: Facultad de Ciencias, Module C-05, 604 Tel.: +34 91497 6452 Bio Thomas Allard Postdoc E-mail: thomas.allard@uam.es Office: Facultad de Ciencias, Module C-05, 202 Frank Quintelta Postdoc, co-supervised with Antonio Fern\u00e1ndez Dom\u00ednguez E-mail: frank.quintela@uam.es Office: Facultad de Ciencias, Module C-05, 202 Adri\u00e1n Juan Delgado Postdoc, co-supervised&hellip;<\/p>\n","protected":false},"author":1,"featured_media":0,"parent":0,"menu_order":0,"comment_status":"closed","ping_status":"closed","template":"","meta":{"_mo_disable_npp":"","footnotes":""},"class_list":["post-27","page","type-page","status-publish","hentry","no-post-thumbnail","entry"],"_links":{"self":[{"href":"https:\/\/members.ifimac.uam.es\/parroyohuidobro\/wp-json\/wp\/v2\/pages\/27","targetHints":{"allow":["GET"]}}],"collection":[{"href":"https:\/\/members.ifimac.uam.es\/parroyohuidobro\/wp-json\/wp\/v2\/pages"}],"about":[{"href":"https:\/\/members.ifimac.uam.es\/parroyohuidobro\/wp-json\/wp\/v2\/types\/page"}],"author":[{"embeddable":true,"href":"https:\/\/members.ifimac.uam.es\/parroyohuidobro\/wp-json\/wp\/v2\/users\/1"}],"replies":[{"embeddable":true,"href":"https:\/\/members.ifimac.uam.es\/parroyohuidobro\/wp-json\/wp\/v2\/comments?post=27"}],"version-history":[{"count":25,"href":"https:\/\/members.ifimac.uam.es\/parroyohuidobro\/wp-json\/wp\/v2\/pages\/27\/revisions"}],"predecessor-version":[{"id":345,"href":"https:\/\/members.ifimac.uam.es\/parroyohuidobro\/wp-json\/wp\/v2\/pages\/27\/revisions\/345"}],"wp:attachment":[{"href":"https:\/\/members.ifimac.uam.es\/parroyohuidobro\/wp-json\/wp\/v2\/media?parent=27"}],"curies":[{"name":"wp","href":"https:\/\/api.w.org\/{rel}","templated":true}]}}