{"id":151,"date":"2025-10-08T12:58:18","date_gmt":"2025-10-08T10:58:18","guid":{"rendered":"https:\/\/members.ifimac.uam.es\/stm2d\/?page_id=151"},"modified":"2025-10-17T08:50:32","modified_gmt":"2025-10-17T06:50:32","slug":"phd-theses","status":"publish","type":"page","link":"https:\/\/members.ifimac.uam.es\/stm2d\/phd-theses\/","title":{"rendered":"PhD Theses"},"content":{"rendered":"<pre><span style=\"font-family: arial, helvetica, sans-serif;font-size: 14pt\"><span style=\"font-size: 12pt\"><span style=\"font-size: 14pt\"><strong>2025<\/strong><\/span>\r\n\r\n\"<em><a href=\"http:\/\/hdl.handle.net\/10486\/719100\">Characterization and simulation of quasiparticle interference maps for the study of \r\nelectron scattering process in TaS<sub>2<\/sub> and MoTe<sub>2<\/sub><\/a><\/em>\"\r\n<\/span><\/span><span style=\"font-family: arial, helvetica, sans-serif;font-size: 14pt\"><span style=\"font-size: 12pt\">Iv\u00e1n Mart\u00ednez Ibarburu<\/span><\/span>\r\n<span style=\"font-family: arial, helvetica, sans-serif;font-size: 14pt\"><span style=\"font-size: 12pt\">Supervisors: Amadeo L. V\u00e1zquez de Parga &amp; Fabi\u00e1n Calleja\r\n<\/span><\/span><em><span style=\"font-family: arial, helvetica, sans-serif;font-size: 14pt\"><span style=\"font-size: 12pt\">\r\n\"Topological excitonic insulator monolayer WTe<sub>2<\/sub> and the negative compressibility surface of MoS<sub>2<\/sub>\"\r\n<\/span><\/span><\/em><span style=\"font-family: arial, helvetica, sans-serif;font-size: 14pt\"><span style=\"font-size: 12pt\">Liam J. Watson\r\nSupervisors: Michael Fuhrer, Iolanda Di Bernardo &amp; Anton Tadich\r\n<\/span><\/span><strong><span style=\"font-family: arial, helvetica, sans-serif;font-size: 14pt\">\r\n2024<\/span><\/strong>\r\n\r\n<span style=\"font-family: arial, helvetica, sans-serif;font-size: 12pt\">\u201c<a href=\"http:\/\/hdl.handle.net\/10486\/713525\"><em>Scanning tunnelling microscopy characterization of epitaxially grown two-dimensional transition metal ditellurides<\/em><\/a>\u201d\r\nJoan Ripoll Sau<\/span>\r\n<span style=\"font-family: arial, helvetica, sans-serif;font-size: 12pt\">Supervisors: Amadeo L. V\u00e1zquez de Parga &amp; Manuela Garnica<\/span>\r\n\r\n<strong><span style=\"font-family: arial, helvetica, sans-serif;font-size: 14pt\">2022\r\n<\/span><\/strong><span style=\"font-family: arial, helvetica, sans-serif;font-size: 14pt\"><span style=\"font-size: 12pt\">\r\n<span style=\"font-family: arial, helvetica, sans-serif;font-size: 12pt\">\u201c<a href=\"https:\/\/repositorio.uam.es\/bitstream\/handle\/10486\/703600\/gonzalez_ayani_cosme.pdf?sequence=1\"><em>Study of TaS<sub>2<\/sub> polymorphic Van der Waals heterostructures by means of low \r\ntemperature scanning tunneling microscopy\/spectroscopy<\/em><\/a>\u201d\r\n<\/span>Cosme Gonz\u00e1lez Ayani\r\nSupervisors: Amadeo L. V\u00e1zquez de Parga &amp; Fabi\u00e1n Calleja\r\n<\/span><\/span><strong><span style=\"font-family: arial, helvetica, sans-serif;font-size: 14pt\">\r\n2021\r\n\r\n<\/span><\/strong><span style=\"font-family: arial, helvetica, sans-serif;font-size: 14pt\"><span style=\"font-family: arial, helvetica, sans-serif;font-size: 12pt\">\u201c<a href=\"https:\/\/www.bing.com\/ck\/a?!&amp;&amp;p=31119aef4d40259fad7dc1fb157d1b90ebe1cb35d85e6979005d9cbb8df54bc6JmltdHM9MTc1OTg4MTYwMA&amp;ptn=3&amp;ver=2&amp;hsh=4&amp;fclid=397d7dc4-7852-677d-1574-696f79fa663e&amp;psq=Pablo+Casado+Aguilar+PhD+UAM&amp;u=a1aHR0cHM6Ly9yZXBvc2l0b3Jpby51YW0uZXMvYml0c3RyZWFtL2hhbmRsZS8xMDQ4Ni82OTk3MTIvY2FzYWRvX2FndWlsYXJfcGFibG8ucGRm\"><em>Growth and characterization by scanning tunneling microscopy of transition metal ditellurides<\/em><\/a>\u201d\r\nPablo Casado Aguilar\r\n<\/span><\/span><span style=\"font-family: arial, helvetica, sans-serif;font-size: 12pt\">Supervisors: Amadeo L. V\u00e1zquez de Parga &amp; Manuela Garnica<\/span>\r\n<strong><span style=\"font-family: arial, helvetica, sans-serif;font-size: 14pt\">\r\n2018<\/span><\/strong>\r\n\r\n<span style=\"font-family: arial, helvetica, sans-serif;font-size: 12pt\">\u201c<a href=\"http:\/\/hdl.handle.net\/10486\/685740\"><em>Surface Chemistry on graphene: Chemisorption, catalysis and molecular manipulation<\/em><\/a>\u201d\r\n<\/span><span style=\"font-family: arial, helvetica, sans-serif;font-size: 12pt\">Juan Jes\u00fas Navarro Oca\u00f1a\r\nSupervisors: Amadeo L. V\u00e1zquez de Parga &amp; <\/span><span style=\"font-family: arial, helvetica, sans-serif;font-size: 12pt\">Fabian Calleja<\/span>\r\n\r\n<strong><span style=\"font-family: arial, helvetica, sans-serif;font-size: 14pt\">2017<\/span><\/strong>\r\n\r\n<span style=\"font-family: arial, helvetica, sans-serif;font-size: 12pt\">\u201c<a href=\"http:\/\/hdl.handle.net\/10486\/681670\"><em>Fabrication and characterization of hybrid graphene devices<\/em><\/a>\u201d\r\n<\/span><span style=\"font-family: arial, helvetica, sans-serif;font-size: 12pt\">Andr\u00e9s Black Morocoima\r\nSupervisors:<\/span><span style=\"font-family: arial, helvetica, sans-serif;font-size: 12pt\"> Amadeo L. V\u00e1zquez de Parga &amp; Daniel Granados<\/span>\r\n\r\n<span style=\"font-family: arial, helvetica, sans-serif\"><strong><span style=\"font-size: 14pt\">2014<\/span><\/strong><\/span>\r\n\r\n<span style=\"font-family: arial, helvetica, sans-serif;font-size: 12pt\">\u201c<a href=\"http:\/\/hdl.handle.net\/10486\/662956\"><em>Self-assembly of molecules on nanostructured graphene<\/em><\/a>\u201d\r\n<\/span><span style=\"font-family: arial, helvetica, sans-serif;font-size: 12pt\">Flavio Pendolino\r\nSupervisor: Amadeo L. V\u00e1zquez de Parga<\/span>\r\n\r\n<strong><span style=\"font-family: arial, helvetica, sans-serif;font-size: 14pt\">2013<\/span><\/strong>\r\n\r\n<span style=\"font-family: arial, helvetica, sans-serif;font-size: 12pt\">\u201c<a href=\"https:\/\/www.bing.com\/ck\/a?!&amp;&amp;p=c05edc38e014ece8534b7281cd799603e8bba8fb6bdb7431f5c3075456ff90f2JmltdHM9MTc1OTg4MTYwMA&amp;ptn=3&amp;ver=2&amp;hsh=4&amp;fclid=397d7dc4-7852-677d-1574-696f79fa663e&amp;psq=Manuela+Garnica+Alonso+PhD+UAM&amp;u=a1aHR0cHM6Ly9yZXBvc2l0b3Jpby51YW0uZXMvYml0c3RyZWFtL2hhbmRsZS8xMDQ4Ni82NjA1MTMvZ2FybmljYV9hbG9uc29fbWFudWVsYS5wZGY_c2VxdWVuY2U9MQ\"><em>Electron acceptor molecules deposited on epitaxial graphene studied by means of \r\nlow temperature scanning tunneling microscopy\/spectroscopy<\/em><\/a>\u201d\r\n<\/span><span style=\"font-family: arial, helvetica, sans-serif;font-size: 12pt\">Manuela Garnica Alonso.\r\nSupervisors: Amadeo L. V\u00e1zquez de Parga &amp;<\/span><span style=\"font-family: arial, helvetica, sans-serif;font-size: 12pt\"> Rodolfo Miranda<\/span>\r\n\r\n<strong><span style=\"font-size: 14pt;font-family: arial, helvetica, sans-serif\">2012<\/span><\/strong>\r\n\r\n<span style=\"font-family: arial, helvetica, sans-serif;font-size: 12pt\">\u201c<em>Grafeno epitaxial en metales de transici\u00f3n: Estudio mediante microscopia y espectroscopia t\u00fanel<\/em>\u201d.\r\nSara Barja Mart\u00ednez.\r\nSupervisors: Amadeo L. V\u00e1zquez de Parga &amp;<\/span><span style=\"font-family: arial, helvetica, sans-serif;font-size: 12pt\"> Rodolfo Miranda<\/span>\r\n\r\n<strong><span style=\"font-family: arial, helvetica, sans-serif;font-size: 14pt\">2007<\/span><\/strong>\r\n<span style=\"font-family: arial, helvetica, sans-serif;font-size: 12pt\">\r\n\u201c<em>Influencia de la estructura electr\u00f3nica local en las propiedades de las superficies y \r\nsu estudio mediante microscop\u00eda de efecto t\u00fanel<\/em>\u201d\r\n<\/span><span style=\"font-family: arial, helvetica, sans-serif;font-size: 12pt\">Fabi\u00e1n Calleja Mitja \r\nSupervisor: Amadeo L. V\u00e1zquez de Parga<\/span>\r\n\r\n<strong><span style=\"font-family: arial, helvetica, sans-serif;font-size: 14pt\">2002<\/span><\/strong>\r\n\r\n<span style=\"font-family: arial, helvetica, sans-serif;font-size: 12pt\">\u201c<em>Estructura electr\u00f3nica local y propiedades f\u00edsicas y qu\u00edmicas de superficies y nanoestructuras<\/em>\u201d.\r\n<\/span><span style=\"font-family: arial, helvetica, sans-serif;font-size: 12pt\">Roberto Otero Mart\u00edn.\r\nSupervisors: Amadeo L. V\u00e1zquez de Parga &amp; R. Miranda<\/span><\/pre>\n","protected":false},"excerpt":{"rendered":"<p>2025 &#8220;Characterization and simulation of quasiparticle interference maps for the study of electron scattering process in TaS2 and MoTe2&#8221; Iv\u00e1n Mart\u00ednez Ibarburu Supervisors: Amadeo L. V\u00e1zquez de Parga &amp; Fabi\u00e1n Calleja &#8220;Topological excitonic insulator monolayer WTe2 and the negative compressibility surface of MoS2&#8221; Liam J. Watson Supervisors: Michael Fuhrer, Iolanda Di Bernardo &amp; Anton Tadich&hellip;<\/p>\n","protected":false},"author":18,"featured_media":0,"parent":0,"menu_order":0,"comment_status":"closed","ping_status":"closed","template":"","meta":{"_mo_disable_npp":"","footnotes":""},"class_list":["post-151","page","type-page","status-publish","hentry","no-post-thumbnail","entry"],"_links":{"self":[{"href":"https:\/\/members.ifimac.uam.es\/stm2d\/wp-json\/wp\/v2\/pages\/151","targetHints":{"allow":["GET"]}}],"collection":[{"href":"https:\/\/members.ifimac.uam.es\/stm2d\/wp-json\/wp\/v2\/pages"}],"about":[{"href":"https:\/\/members.ifimac.uam.es\/stm2d\/wp-json\/wp\/v2\/types\/page"}],"author":[{"embeddable":true,"href":"https:\/\/members.ifimac.uam.es\/stm2d\/wp-json\/wp\/v2\/users\/18"}],"replies":[{"embeddable":true,"href":"https:\/\/members.ifimac.uam.es\/stm2d\/wp-json\/wp\/v2\/comments?post=151"}],"version-history":[{"count":7,"href":"https:\/\/members.ifimac.uam.es\/stm2d\/wp-json\/wp\/v2\/pages\/151\/revisions"}],"predecessor-version":[{"id":268,"href":"https:\/\/members.ifimac.uam.es\/stm2d\/wp-json\/wp\/v2\/pages\/151\/revisions\/268"}],"wp:attachment":[{"href":"https:\/\/members.ifimac.uam.es\/stm2d\/wp-json\/wp\/v2\/media?parent=151"}],"curies":[{"name":"wp","href":"https:\/\/api.w.org\/{rel}","templated":true}]}}