{"id":27,"date":"2025-10-08T11:38:13","date_gmt":"2025-10-08T09:38:13","guid":{"rendered":"http:\/\/members.ifimac.uam.es\/stm2d\/?page_id=27"},"modified":"2026-02-13T16:13:34","modified_gmt":"2026-02-13T15:13:34","slug":"people","status":"publish","type":"page","link":"https:\/\/members.ifimac.uam.es\/stm2d\/people\/","title":{"rendered":"People"},"content":{"rendered":"<p><span style=\"font-family: arial, helvetica, sans-serif\"><span style=\"font-size: 14pt\"><strong>Group members<\/strong><\/span> <\/span><\/p>\n<pre><span style=\"font-family: arial, helvetica, sans-serif\"><span style=\"font-size: 12pt\">Amadeo L. V\u00e1zquez de Parga<\/span><\/span><span style=\"font-size: 12pt\">\r\n<span style=\"font-family: arial, helvetica, sans-serif\">Full Professor in Condensed Matter Physics<\/span>\r\n<span style=\"font-family: arial, helvetica, sans-serif\">e-mail: al.vazquezdeparga(at)uam.es\r\n\r\nIolanda Di Bernardo\r\nRamon y Cajal Fellow<\/span>\r\n<span style=\"font-family: arial, helvetica, sans-serif\">e-mail: iolanda.dibernardo(at)uam.es\r\n\r\n<\/span><\/span><span style=\"font-size: 12pt\"><span style=\"font-family: arial, helvetica, sans-serif\">Clara Rebanal Castro<\/span>\r\n<span style=\"font-family: arial, helvetica, sans-serif\">PhD student<\/span>\r\n<span style=\"font-family: arial, helvetica, sans-serif\">e-mail: clara.rebanal(at)uam.es<\/span>\r\n\r\n<\/span><\/pre>\n<pre><strong><span style=\"font-family: arial, helvetica, sans-serif;font-size: 14pt\">Collaborators\r\n\r\n<\/span><\/strong><span style=\"font-family: arial, helvetica, sans-serif;font-size: 12pt\">Fabi\u00e1n Calleja, IMDEA Nanociencia (Spain)\r\nManuela Garnica, IMDEA Nanociencia (Spain)\r\nFernando Mart\u00edn, Universidad Aut\u00f3noma de Madrid (Spain)\r\nMichele Pisarra, Universit\u00e0 della Calabria, Italy (Italy)\r\nToyo K. Yamada, Chiba University (Japan)\r\nEmilio P\u00e9rez, IMDEA Nanociencia (Spain)\r\nMichael Furher, Monash University (Australia)\r\nPavel Jelinek, Czech Academy of Sciences (Czech Republic)\r\nAndr\u00e9s Arnau, Universidad del Pais Vasco (Spain)\r\nDaniel Granados (IMDEA Nanociencia)\r\nBent Weber, NTU, Singapore (Singapore)\r\nAnton Tadich, Australian Synchrotron (Australia)<\/span><\/pre>\n<hr \/>\n<pre><strong><span style=\"font-family: arial, helvetica, sans-serif;font-size: 14pt\">Former members\r\n<\/span><\/strong><span style=\"font-family: arial, helvetica, sans-serif\">\r\n<span style=\"font-size: 12pt\">Dr. Iv\u00e1n Mart\u00ednez Ibarburu - Iryo (Spain)<\/span>\r\n<span style=\"font-size: 12pt\">Dr. Cosme Gonz\u00e1lez Ayani. -Institur za fiziku, Zagreb (Croatia)\r\n<\/span><\/span><span style=\"font-family: arial, helvetica, sans-serif;font-size: 12pt\">Dr. Pablo Casado<\/span>\r\n<span style=\"font-family: arial, helvetica, sans-serif;font-size: 12pt\">Dr. Juan Jes\u00fas Navarro - Fritz-Haber Institute of the Max Planck Society (Germany)<\/span>\r\n<span style=\"font-family: arial, helvetica, sans-serif;font-size: 12pt\">Dr. Ram\u00f3n Bernardo-Gavito - IMDEA Nanociencia (Spain)<\/span>\r\n<span style=\"font-family: arial, helvetica, sans-serif;font-size: 12pt\">Dr Andr\u00e9s Black - ICFO, Barcelona (Spain)<\/span>\r\n<span style=\"font-family: arial, helvetica, sans-serif;font-size: 12pt\">Dr. Flavio Pendolino<\/span>\r\n<span style=\"font-family: arial, helvetica, sans-serif;font-size: 12pt\">Dr. Bogdana Borca - National Institute of Materials Physics (Romania)<\/span>\r\n<span style=\"font-family: arial, helvetica, sans-serif;font-size: 12pt\">Dr. Manuela Garnica \u2013 IMDEA Nanociencia<\/span>\r\n<span style=\"font-family: arial, helvetica, sans-serif;font-size: 12pt\">Dr. Sara Barja. Centro de F\u00edsica de Materiales - CSIC-UPV\/EHU and DIPC (Spain)<\/span>\r\n<span style=\"font-family: arial, helvetica, sans-serif;font-size: 12pt\">Dr. Fabi\u00e1n Calleja, IMDEA Nanociencia<\/span>\r\n<span style=\"font-family: arial, helvetica, sans-serif;font-size: 12pt\">Dr. Roberto Otero, Universidad Aut\u00f3noma de Madrid<\/span><\/pre>\n<pre><\/pre>\n","protected":false},"excerpt":{"rendered":"<p>Group members Amadeo L. V\u00e1zquez de Parga Full Professor in Condensed Matter Physics e-mail: al.vazquezdeparga(at)uam.es Iolanda Di Bernardo Ramon y Cajal Fellow e-mail: iolanda.dibernardo(at)uam.es Clara Rebanal Castro PhD student e-mail: clara.rebanal(at)uam.es Collaborators Fabi\u00e1n Calleja, IMDEA Nanociencia (Spain) Manuela Garnica, IMDEA Nanociencia (Spain) Fernando Mart\u00edn, Universidad Aut\u00f3noma de Madrid (Spain) Michele Pisarra, Universit\u00e0 della Calabria, Italy&hellip;<\/p>\n","protected":false},"author":17,"featured_media":0,"parent":0,"menu_order":0,"comment_status":"closed","ping_status":"closed","template":"","meta":{"_mo_disable_npp":"","footnotes":""},"class_list":["post-27","page","type-page","status-publish","hentry","no-post-thumbnail","entry"],"_links":{"self":[{"href":"https:\/\/members.ifimac.uam.es\/stm2d\/wp-json\/wp\/v2\/pages\/27","targetHints":{"allow":["GET"]}}],"collection":[{"href":"https:\/\/members.ifimac.uam.es\/stm2d\/wp-json\/wp\/v2\/pages"}],"about":[{"href":"https:\/\/members.ifimac.uam.es\/stm2d\/wp-json\/wp\/v2\/types\/page"}],"author":[{"embeddable":true,"href":"https:\/\/members.ifimac.uam.es\/stm2d\/wp-json\/wp\/v2\/users\/17"}],"replies":[{"embeddable":true,"href":"https:\/\/members.ifimac.uam.es\/stm2d\/wp-json\/wp\/v2\/comments?post=27"}],"version-history":[{"count":19,"href":"https:\/\/members.ifimac.uam.es\/stm2d\/wp-json\/wp\/v2\/pages\/27\/revisions"}],"predecessor-version":[{"id":310,"href":"https:\/\/members.ifimac.uam.es\/stm2d\/wp-json\/wp\/v2\/pages\/27\/revisions\/310"}],"wp:attachment":[{"href":"https:\/\/members.ifimac.uam.es\/stm2d\/wp-json\/wp\/v2\/media?parent=27"}],"curies":[{"name":"wp","href":"https:\/\/api.w.org\/{rel}","templated":true}]}}