{"id":30,"date":"2025-10-08T09:01:25","date_gmt":"2025-10-08T07:01:25","guid":{"rendered":"http:\/\/members.ifimac.uam.es\/stm2d\/?page_id=30"},"modified":"2025-10-08T09:25:04","modified_gmt":"2025-10-08T07:25:04","slug":"contact","status":"publish","type":"page","link":"https:\/\/members.ifimac.uam.es\/stm2d\/contact\/","title":{"rendered":"Contact"},"content":{"rendered":"<p><strong>E-mail:<\/strong> al.vazquezdeparga@uam.es &amp; iolanda.dibernardo@uam.es<br \/>\n<strong>Phone:<\/strong> +34 91 497 5517<br \/>\n<strong>Mailing Address:<\/strong> Departamento de F\u00edsica de la Materia Condensada, Facultad de Ciencias, Calle Francisco Tom\u00e1s y Valiente, 7, Universidad Aut\u00f3noma de Madrid, Cantoblanco, 28049, Madrid, Spain.<\/p>\n","protected":false},"excerpt":{"rendered":"<p>E-mail: al.vazquezdeparga@uam.es &amp; iolanda.dibernardo@uam.es Phone: +34 91 497 5517 Mailing Address: Departamento de F\u00edsica de la Materia Condensada, Facultad de Ciencias, Calle Francisco Tom\u00e1s y Valiente, 7, Universidad Aut\u00f3noma de Madrid, Cantoblanco, 28049, Madrid, Spain.<\/p>\n","protected":false},"author":17,"featured_media":0,"parent":0,"menu_order":0,"comment_status":"closed","ping_status":"closed","template":"","meta":{"_mo_disable_npp":"","footnotes":""},"class_list":["post-30","page","type-page","status-publish","hentry","no-post-thumbnail","entry"],"_links":{"self":[{"href":"https:\/\/members.ifimac.uam.es\/stm2d\/wp-json\/wp\/v2\/pages\/30","targetHints":{"allow":["GET"]}}],"collection":[{"href":"https:\/\/members.ifimac.uam.es\/stm2d\/wp-json\/wp\/v2\/pages"}],"about":[{"href":"https:\/\/members.ifimac.uam.es\/stm2d\/wp-json\/wp\/v2\/types\/page"}],"author":[{"embeddable":true,"href":"https:\/\/members.ifimac.uam.es\/stm2d\/wp-json\/wp\/v2\/users\/17"}],"replies":[{"embeddable":true,"href":"https:\/\/members.ifimac.uam.es\/stm2d\/wp-json\/wp\/v2\/comments?post=30"}],"version-history":[{"count":5,"href":"https:\/\/members.ifimac.uam.es\/stm2d\/wp-json\/wp\/v2\/pages\/30\/revisions"}],"predecessor-version":[{"id":128,"href":"https:\/\/members.ifimac.uam.es\/stm2d\/wp-json\/wp\/v2\/pages\/30\/revisions\/128"}],"wp:attachment":[{"href":"https:\/\/members.ifimac.uam.es\/stm2d\/wp-json\/wp\/v2\/media?parent=30"}],"curies":[{"name":"wp","href":"https:\/\/api.w.org\/{rel}","templated":true}]}}