{"id":33,"date":"2025-10-08T09:04:38","date_gmt":"2025-10-08T07:04:38","guid":{"rendered":"http:\/\/members.ifimac.uam.es\/stm2d\/?page_id=33"},"modified":"2025-10-17T08:44:13","modified_gmt":"2025-10-17T06:44:13","slug":"research-projects","status":"publish","type":"page","link":"https:\/\/members.ifimac.uam.es\/stm2d\/research-projects\/","title":{"rendered":"Research Projects"},"content":{"rendered":"<p><span style=\"font-size: 12pt\">&#8220;<em>Caracterizaci\u00f3n de excitaciones \u00f3pticas en materiales 2D con resoluci\u00f3n at\u00f3mica<\/em>\u201d, PID2021-128011NB-I00, Ministerio de Ciencia, Innovaci\u00f3n y Universidades, 01\/10\/2022- 30\/09\/2026<\/span><\/p>\n<p><span style=\"font-size: 12pt\">Ram\u00f3n y Cajal Fellowship RYC2022-035562-I, Ministerio de Ciencia, Innovaci\u00f3n y Universidades, 01\/09\/2024-31\/08\/2029<\/span><\/p>\n<p><span style=\"font-size: 12pt\"><em>&#8220;Materiales Disruptivos Bidimensionales (2D)\u201d (MAD2D-CM)-MRR MATERIALES AVANZADOS&#8221;<\/em>, Plan complementario en Materiales Avanzados. Comunidad de Madrid y Ministerio de Ciencia, Innovaci\u00f3n y Universidades. 01\/01\/2022-31\/12\/2025.<\/span><\/p>\n<p><em><span style=\"font-size: 12pt\">&#8220;Synthesis of Transition metal dichalcogenides Optimized for MRAMs (STORM)&#8221;,<\/span><\/em><span style=\"font-size: 12pt\">\u00a0<\/span>MSCA- PF 101063547, European Commision,\u00a0 01\/11\/2022-31\/08\/2024.<\/p>\n<p><span style=\"font-size: 12pt\">Ayudas Maria Zambrano para la attraccion de talento internacci\u00f3nal, Ministerio de Ciencia, Innovaci\u00f3n y Universidades, 01\/01\/2022-30\/10\/2022.<\/span><\/p>\n<p><span style=\"font-size: 12pt\">\u201c<em>Memristive devices as Quantum Standard for Nanometrology<\/em>\u201d, MEMQuD, JRP-f14, EURAMET,01\/05\/2020- 30\/04\/2024.<\/span><\/p>\n<p><span style=\"font-size: 12pt\">\u201c<em>Defectos y heterouniones bidimensionales de dicalcogenuros con metales de transici\u00f3n<\/em>\u201d, PGC2018-093291-B-100, Ministerio de Ciencia, Innovaci\u00f3n y Universidades. 01\/01\/2019-31\/12\/2022.<\/span><\/p>\n<p><span style=\"font-size: 12pt\">\u201c<em>Nuevos materiales bidimensionales: caracterizaci\u00f3n, propiedades y aplicaciones<\/em>\u201d, S2018\/NMT-4511, Comunidad de Madrid, 01\/01\/2019 &#8211; 31\/12\/2022.<\/span><\/p>\n<p><span style=\"font-size: 12pt\">\u201c<em>Tailoring Spin-orbit effects in graphene for spin-orbitronic applications<\/em>\u201d, PCIN-2015-111, FLAG-ERA, 01\/01\/2016-01\/10\/2019.<\/span><\/p>\n<p><span style=\"font-size: 12pt\">\u201c<em>Dise\u00f1ando las propiedades electr\u00f3nicas del grafeno<\/em>\u201d, FIS2015-67367-C2-1-P, Ministerio de Econom\u00eda y Competitividad, \u00a001\/01\/2016-31\/12\/2018.<\/span><\/p>\n<p><span style=\"font-size: 12pt\">\u201c<em>Propiedades fundamentales y aplicaciones del grafeno y otros materiales bidimensionales<\/em>\u201d, P2013\/MIT-3007, Comunidad de Madrid, 01\/10\/2014-30\/09\/2018.<\/span><\/p>\n<p><span style=\"font-size: 12pt\">\u201c<em>A\u00f1adiendo funcionalidades b\u00e1sica al grafeno<\/em>\u201d, FIS2013-40667-P, Ministerio de Econom\u00eda, Industria y Competitividad, 01\/01\/2014-31\/12\/2015.<\/span><\/p>\n","protected":false},"excerpt":{"rendered":"<p>&#8220;Caracterizaci\u00f3n de excitaciones \u00f3pticas en materiales 2D con resoluci\u00f3n at\u00f3mica\u201d, PID2021-128011NB-I00, Ministerio de Ciencia, Innovaci\u00f3n y Universidades, 01\/10\/2022- 30\/09\/2026 Ram\u00f3n y Cajal Fellowship RYC2022-035562-I, Ministerio de Ciencia, Innovaci\u00f3n y Universidades, 01\/09\/2024-31\/08\/2029 &#8220;Materiales Disruptivos Bidimensionales (2D)\u201d (MAD2D-CM)-MRR MATERIALES AVANZADOS&#8221;, Plan complementario en Materiales Avanzados. Comunidad de Madrid y Ministerio de Ciencia, Innovaci\u00f3n y Universidades. 01\/01\/2022-31\/12\/2025. &#8220;Synthesis&hellip;<\/p>\n","protected":false},"author":17,"featured_media":0,"parent":0,"menu_order":0,"comment_status":"closed","ping_status":"closed","template":"","meta":{"_mo_disable_npp":"","footnotes":""},"class_list":["post-33","page","type-page","status-publish","hentry","no-post-thumbnail","entry"],"_links":{"self":[{"href":"https:\/\/members.ifimac.uam.es\/stm2d\/wp-json\/wp\/v2\/pages\/33","targetHints":{"allow":["GET"]}}],"collection":[{"href":"https:\/\/members.ifimac.uam.es\/stm2d\/wp-json\/wp\/v2\/pages"}],"about":[{"href":"https:\/\/members.ifimac.uam.es\/stm2d\/wp-json\/wp\/v2\/types\/page"}],"author":[{"embeddable":true,"href":"https:\/\/members.ifimac.uam.es\/stm2d\/wp-json\/wp\/v2\/users\/17"}],"replies":[{"embeddable":true,"href":"https:\/\/members.ifimac.uam.es\/stm2d\/wp-json\/wp\/v2\/comments?post=33"}],"version-history":[{"count":11,"href":"https:\/\/members.ifimac.uam.es\/stm2d\/wp-json\/wp\/v2\/pages\/33\/revisions"}],"predecessor-version":[{"id":264,"href":"https:\/\/members.ifimac.uam.es\/stm2d\/wp-json\/wp\/v2\/pages\/33\/revisions\/264"}],"wp:attachment":[{"href":"https:\/\/members.ifimac.uam.es\/stm2d\/wp-json\/wp\/v2\/media?parent=33"}],"curies":[{"name":"wp","href":"https:\/\/api.w.org\/{rel}","templated":true}]}}